{"id":646,"date":"2025-10-15T18:42:24","date_gmt":"2025-10-15T18:42:24","guid":{"rendered":"https:\/\/blacklight.com.tr\/?page_id=646"},"modified":"2025-10-15T18:44:14","modified_gmt":"2025-10-15T18:44:14","slug":"benzin-istasyonu-armaturleri","status":"publish","type":"page","link":"https:\/\/blacklight.com.tr\/en\/benzin-istasyonu-armaturleri\/","title":{"rendered":"Gas Station Luminaires"},"content":{"rendered":"<div data-elementor-type=\"wp-page\" data-elementor-id=\"646\" class=\"elementor elementor-646\">\n\t\t\t\t<div class=\"elementor-element elementor-element-f8369c2 e-flex e-con-boxed e-con e-parent\" data-id=\"f8369c2\" data-element_type=\"container\" data-e-type=\"container\" data-settings=\"{&quot;background_background&quot;:&quot;classic&quot;}\">\n\t\t\t\t\t<div class=\"e-con-inner\">\n\t\t<div class=\"elementor-element elementor-element-5fd79b2 e-con-full e-flex e-con e-child\" data-id=\"5fd79b2\" data-element_type=\"container\" data-e-type=\"container\">\n\t\t\t\t<div class=\"elementor-element elementor-element-f6436da elementor-widget__width-initial elementor-widget elementor-widget-heading\" data-id=\"f6436da\" data-element_type=\"widget\" data-e-type=\"widget\" data-widget_type=\"heading.default\">\n\t\t\t\t\t<h2 class=\"elementor-heading-title elementor-size-default\">Gas Station Luminaires<\/h2>\t\t\t\t<\/div>\n\t\t\t\t<\/div>\n\t\t\t\t\t<\/div>\n\t\t\t\t<\/div>\n\t\t<div class=\"elementor-element elementor-element-74b5370 e-flex e-con-boxed e-con e-parent\" data-id=\"74b5370\" data-element_type=\"container\" data-e-type=\"container\">\n\t\t\t\t\t<div class=\"e-con-inner\">\n\t\t<div class=\"elementor-element elementor-element-d50988d e-con-full e-flex e-con e-child\" data-id=\"d50988d\" data-element_type=\"container\" data-e-type=\"container\">\n\t\t\t\t<div class=\"elementor-element elementor-element-6ae71d4 elementor-widget elementor-widget-image\" data-id=\"6ae71d4\" data-element_type=\"widget\" data-e-type=\"widget\" data-widget_type=\"image.default\">\n\t\t\t\t\t\t\t\t\t\t\t\t\t\t\t<img fetchpriority=\"high\" decoding=\"async\" width=\"512\" height=\"1024\" src=\"https:\/\/blacklight.com.tr\/wp-content\/uploads\/2025\/10\/Your-partner-512x1024.webp\" class=\"attachment-large size-large wp-image-285\" alt=\"\" srcset=\"https:\/\/blacklight.com.tr\/wp-content\/uploads\/2025\/10\/Your-partner-512x1024.webp 512w, https:\/\/blacklight.com.tr\/wp-content\/uploads\/2025\/10\/Your-partner-150x300.webp 150w, https:\/\/blacklight.com.tr\/wp-content\/uploads\/2025\/10\/Your-partner-6x12.webp 6w, https:\/\/blacklight.com.tr\/wp-content\/uploads\/2025\/10\/Your-partner.webp 761w\" sizes=\"(max-width: 512px) 100vw, 512px\" \/>\t\t\t\t\t\t\t\t\t\t\t\t\t\t\t<\/div>\n\t\t\t\t<\/div>\n\t\t<div class=\"elementor-element elementor-element-1917e94 e-con-full e-flex e-con e-child\" data-id=\"1917e94\" data-element_type=\"container\" data-e-type=\"container\">\n\t\t\t\t<div class=\"elementor-element elementor-element-5488311 elementor-widget elementor-widget-image\" data-id=\"5488311\" data-element_type=\"widget\" data-e-type=\"widget\" data-widget_type=\"image.default\">\n\t\t\t\t\t\t\t\t\t\t\t\t\t\t\t<img decoding=\"async\" width=\"1024\" height=\"624\" src=\"https:\/\/blacklight.com.tr\/wp-content\/uploads\/2025\/10\/Header_Benzin-istasyonu-01-2048x1247-1-1024x624.webp\" class=\"attachment-large size-large wp-image-631\" alt=\"\" srcset=\"https:\/\/blacklight.com.tr\/wp-content\/uploads\/2025\/10\/Header_Benzin-istasyonu-01-2048x1247-1-1024x624.webp 1024w, https:\/\/blacklight.com.tr\/wp-content\/uploads\/2025\/10\/Header_Benzin-istasyonu-01-2048x1247-1-300x183.webp 300w, https:\/\/blacklight.com.tr\/wp-content\/uploads\/2025\/10\/Header_Benzin-istasyonu-01-2048x1247-1-768x468.webp 768w, https:\/\/blacklight.com.tr\/wp-content\/uploads\/2025\/10\/Header_Benzin-istasyonu-01-2048x1247-1-1536x935.webp 1536w, https:\/\/blacklight.com.tr\/wp-content\/uploads\/2025\/10\/Header_Benzin-istasyonu-01-2048x1247-1-18x12.webp 18w, https:\/\/blacklight.com.tr\/wp-content\/uploads\/2025\/10\/Header_Benzin-istasyonu-01-2048x1247-1.webp 2048w\" sizes=\"(max-width: 1024px) 100vw, 1024px\" \/>\t\t\t\t\t\t\t\t\t\t\t\t\t\t\t<\/div>\n\t\t\t\t<\/div>\n\t\t\t\t\t<\/div>\n\t\t\t\t<\/div>\n\t\t<div class=\"elementor-element elementor-element-ebda97a e-flex e-con-boxed e-con e-parent\" data-id=\"ebda97a\" data-element_type=\"container\" data-e-type=\"container\" data-settings=\"{&quot;background_background&quot;:&quot;classic&quot;}\">\n\t\t\t\t\t<div class=\"e-con-inner\">\n\t\t<div class=\"elementor-element elementor-element-17c1e25 e-con-full e-flex e-con e-child\" data-id=\"17c1e25\" data-element_type=\"container\" data-e-type=\"container\">\n\t\t\t\t<div class=\"elementor-element elementor-element-733dba2 elementor-widget elementor-widget-image\" data-id=\"733dba2\" data-element_type=\"widget\" data-e-type=\"widget\" data-widget_type=\"image.default\">\n\t\t\t\t\t\t\t\t\t\t\t\t\t\t\t\t<a href=\"https:\/\/blacklight.com.tr\/en\/canoplus-2\/\" target=\"_blank\">\n\t\t\t\t\t\t\t<img decoding=\"async\" width=\"1250\" height=\"1250\" src=\"https:\/\/blacklight.com.tr\/wp-content\/uploads\/2025\/10\/canoplus-01.png\" class=\"elementor-animation-grow attachment-full size-full wp-image-633\" alt=\"\" srcset=\"https:\/\/blacklight.com.tr\/wp-content\/uploads\/2025\/10\/canoplus-01.png 1250w, https:\/\/blacklight.com.tr\/wp-content\/uploads\/2025\/10\/canoplus-01-300x300.png 300w, https:\/\/blacklight.com.tr\/wp-content\/uploads\/2025\/10\/canoplus-01-1024x1024.png 1024w, https:\/\/blacklight.com.tr\/wp-content\/uploads\/2025\/10\/canoplus-01-150x150.png 150w, https:\/\/blacklight.com.tr\/wp-content\/uploads\/2025\/10\/canoplus-01-768x768.png 768w, https:\/\/blacklight.com.tr\/wp-content\/uploads\/2025\/10\/canoplus-01-12x12.png 12w\" sizes=\"(max-width: 1250px) 100vw, 1250px\" \/>\t\t\t\t\t\t\t\t<\/a>\n\t\t\t\t\t\t\t\t\t\t\t\t\t\t\t<\/div>\n\t\t\t\t<div class=\"elementor-element elementor-element-4daf75a elementor-align-justify elementor-widget elementor-widget-button\" data-id=\"4daf75a\" data-element_type=\"widget\" data-e-type=\"widget\" data-widget_type=\"button.default\">\n\t\t\t\t\t\t\t\t\t\t<a class=\"elementor-button elementor-button-link elementor-size-sm\" href=\"https:\/\/blacklight.com.tr\/en\/canoplus-2\/\" target=\"_blank\">\n\t\t\t\t\t\t<span class=\"elementor-button-content-wrapper\">\n\t\t\t\t\t\t\t\t\t<span class=\"elementor-button-text\">Canoplus<\/span>\n\t\t\t\t\t<\/span>\n\t\t\t\t\t<\/a>\n\t\t\t\t\t\t\t\t<\/div>\n\t\t\t\t<\/div>\n\t\t<div class=\"elementor-element elementor-element-603914c e-con-full e-flex e-con e-child\" data-id=\"603914c\" data-element_type=\"container\" data-e-type=\"container\">\n\t\t\t\t<\/div>\n\t\t<div class=\"elementor-element elementor-element-a88b653 e-con-full e-flex e-con e-child\" data-id=\"a88b653\" data-element_type=\"container\" data-e-type=\"container\">\n\t\t\t\t<\/div>\n\t\t<div class=\"elementor-element elementor-element-f519832 e-con-full e-flex e-con e-child\" data-id=\"f519832\" data-element_type=\"container\" data-e-type=\"container\">\n\t\t\t\t<\/div>\n\t\t<div class=\"elementor-element elementor-element-30f18a8 e-con-full e-flex e-con e-child\" data-id=\"30f18a8\" data-element_type=\"container\" data-e-type=\"container\">\n\t\t\t\t<\/div>\n\t\t<div class=\"elementor-element elementor-element-f81dfe1 e-con-full e-flex e-con e-child\" data-id=\"f81dfe1\" data-element_type=\"container\" data-e-type=\"container\">\n\t\t\t\t<\/div>\n\t\t\t\t\t<\/div>\n\t\t\t\t<\/div>\n\t\t<div class=\"elementor-element elementor-element-2b7e0b3 e-flex e-con-boxed e-con e-parent\" data-id=\"2b7e0b3\" data-element_type=\"container\" data-e-type=\"container\">\n\t\t\t\t\t<div class=\"e-con-inner\">\n\t\t\t\t<div class=\"elementor-element elementor-element-cd388bb elementor-widget elementor-widget-text-editor\" data-id=\"cd388bb\" data-element_type=\"widget\" data-e-type=\"widget\" data-widget_type=\"text-editor.default\">\n\t\t\t\t\t\t\t\t\t<blockquote><p>Specially designed for gas stations under canopy and low ceiling applications, this product is the most ideal lighting type with its high efficiency, aesthetic design that prevents glare, homogeneous light distribution, correct brightness, color and contrast balance.<\/p><\/blockquote>\t\t\t\t\t\t\t\t<\/div>\n\t\t\t\t\t<\/div>\n\t\t\t\t<\/div>\n\t\t<div class=\"elementor-element elementor-element-fded2c5 e-flex e-con-boxed e-con e-parent\" data-id=\"fded2c5\" data-element_type=\"container\" data-e-type=\"container\">\n\t\t\t\t\t<div class=\"e-con-inner\">\n\t\t\t\t<div class=\"elementor-element elementor-element-1abf619 elementor-widget elementor-widget-spacer\" data-id=\"1abf619\" data-element_type=\"widget\" data-e-type=\"widget\" data-widget_type=\"spacer.default\">\n\t\t\t\t\t\t\t<div class=\"elementor-spacer\">\n\t\t\t<div class=\"elementor-spacer-inner\"><\/div>\n\t\t<\/div>\n\t\t\t\t\t\t<\/div>\n\t\t\t\t\t<\/div>\n\t\t\t\t<\/div>\n\t\t\t\t<\/div>","protected":false},"excerpt":{"rendered":"<p>Benzin \u0130stasyonu Armat\u00fcrleri Canoplus Benzin istasyonlar\u0131 kanopi alt\u0131 ve al\u00e7ak tavan uygulamalar\u0131 i\u00e7in \u00f6zel olarak tasarlanm\u0131\u015f bu \u00fcr\u00fcn, y\u00fcksek verimi, kama\u015fmay\u0131 engelleyen estetik tasar\u0131m\u0131, homojen \u0131\u015f\u0131k da\u011f\u0131l\u0131m\u0131, do\u011fru parlakl\u0131k, renk ve kontrast dengesi ile en ideal ayd\u0131nlatma tipidir.<\/p>","protected":false},"author":1,"featured_media":0,"parent":0,"menu_order":0,"comment_status":"closed","ping_status":"closed","template":"","meta":{"_kad_post_transparent":"default","_kad_post_title":"hide","_kad_post_layout":"fullwidth","_kad_post_sidebar_id":"","_kad_post_content_style":"unboxed","_kad_post_vertical_padding":"hide","_kad_post_feature":"hide","_kad_post_feature_position":"","_kad_post_header":false,"_kad_post_footer":false,"_kad_post_classname":"","footnotes":""},"class_list":["post-646","page","type-page","status-publish","hentry"],"_links":{"self":[{"href":"https:\/\/blacklight.com.tr\/en\/wp-json\/wp\/v2\/pages\/646","targetHints":{"allow":["GET"]}}],"collection":[{"href":"https:\/\/blacklight.com.tr\/en\/wp-json\/wp\/v2\/pages"}],"about":[{"href":"https:\/\/blacklight.com.tr\/en\/wp-json\/wp\/v2\/types\/page"}],"author":[{"embeddable":true,"href":"https:\/\/blacklight.com.tr\/en\/wp-json\/wp\/v2\/users\/1"}],"replies":[{"embeddable":true,"href":"https:\/\/blacklight.com.tr\/en\/wp-json\/wp\/v2\/comments?post=646"}],"version-history":[{"count":7,"href":"https:\/\/blacklight.com.tr\/en\/wp-json\/wp\/v2\/pages\/646\/revisions"}],"predecessor-version":[{"id":653,"href":"https:\/\/blacklight.com.tr\/en\/wp-json\/wp\/v2\/pages\/646\/revisions\/653"}],"wp:attachment":[{"href":"https:\/\/blacklight.com.tr\/en\/wp-json\/wp\/v2\/media?parent=646"}],"curies":[{"name":"wp","href":"https:\/\/api.w.org\/{rel}","templated":true}]}}