{"id":607,"date":"2025-10-15T18:13:15","date_gmt":"2025-10-15T18:13:15","guid":{"rendered":"https:\/\/blacklight.com.tr\/?page_id=607"},"modified":"2025-10-15T18:15:21","modified_gmt":"2025-10-15T18:15:21","slug":"tunel-ve-alt-gecit-armaturleri","status":"publish","type":"page","link":"https:\/\/blacklight.com.tr\/en\/tunel-ve-alt-gecit-armaturleri\/","title":{"rendered":"Tunnel and Underpass Luminaires"},"content":{"rendered":"<div data-elementor-type=\"wp-page\" data-elementor-id=\"607\" class=\"elementor elementor-607\">\n\t\t\t\t<div class=\"elementor-element elementor-element-f8369c2 e-flex e-con-boxed e-con e-parent\" data-id=\"f8369c2\" data-element_type=\"container\" data-e-type=\"container\" data-settings=\"{&quot;background_background&quot;:&quot;classic&quot;}\">\n\t\t\t\t\t<div class=\"e-con-inner\">\n\t\t<div class=\"elementor-element elementor-element-5fd79b2 e-con-full e-flex e-con e-child\" data-id=\"5fd79b2\" data-element_type=\"container\" data-e-type=\"container\">\n\t\t\t\t<div class=\"elementor-element elementor-element-f6436da elementor-widget__width-initial elementor-widget elementor-widget-heading\" data-id=\"f6436da\" data-element_type=\"widget\" data-e-type=\"widget\" data-widget_type=\"heading.default\">\n\t\t\t\t\t<h2 class=\"elementor-heading-title elementor-size-default\">Tunnel and Underpass Luminaires<\/h2>\t\t\t\t<\/div>\n\t\t\t\t<\/div>\n\t\t\t\t\t<\/div>\n\t\t\t\t<\/div>\n\t\t<div class=\"elementor-element elementor-element-74b5370 e-flex e-con-boxed e-con e-parent\" data-id=\"74b5370\" data-element_type=\"container\" data-e-type=\"container\">\n\t\t\t\t\t<div class=\"e-con-inner\">\n\t\t<div class=\"elementor-element elementor-element-d50988d e-con-full e-flex e-con e-child\" data-id=\"d50988d\" data-element_type=\"container\" data-e-type=\"container\">\n\t\t\t\t<div class=\"elementor-element elementor-element-6ae71d4 elementor-widget elementor-widget-image\" data-id=\"6ae71d4\" data-element_type=\"widget\" data-e-type=\"widget\" data-widget_type=\"image.default\">\n\t\t\t\t\t\t\t\t\t\t\t\t\t\t\t<img fetchpriority=\"high\" decoding=\"async\" width=\"512\" height=\"1024\" src=\"https:\/\/blacklight.com.tr\/wp-content\/uploads\/2025\/10\/Your-partner-512x1024.webp\" class=\"attachment-large size-large wp-image-285\" alt=\"\" srcset=\"https:\/\/blacklight.com.tr\/wp-content\/uploads\/2025\/10\/Your-partner-512x1024.webp 512w, https:\/\/blacklight.com.tr\/wp-content\/uploads\/2025\/10\/Your-partner-150x300.webp 150w, https:\/\/blacklight.com.tr\/wp-content\/uploads\/2025\/10\/Your-partner-6x12.webp 6w, https:\/\/blacklight.com.tr\/wp-content\/uploads\/2025\/10\/Your-partner.webp 761w\" sizes=\"(max-width: 512px) 100vw, 512px\" \/>\t\t\t\t\t\t\t\t\t\t\t\t\t\t\t<\/div>\n\t\t\t\t<\/div>\n\t\t<div class=\"elementor-element elementor-element-1917e94 e-con-full e-flex e-con e-child\" data-id=\"1917e94\" data-element_type=\"container\" data-e-type=\"container\">\n\t\t\t\t<div class=\"elementor-element elementor-element-5488311 elementor-widget elementor-widget-image\" data-id=\"5488311\" data-element_type=\"widget\" data-e-type=\"widget\" data-widget_type=\"image.default\">\n\t\t\t\t\t\t\t\t\t\t\t\t\t\t\t<img decoding=\"async\" width=\"1024\" height=\"623\" src=\"https:\/\/blacklight.com.tr\/wp-content\/uploads\/2025\/10\/Header_Thuban-01-1536x935-1-1024x623.webp\" class=\"attachment-large size-large wp-image-606\" alt=\"\" srcset=\"https:\/\/blacklight.com.tr\/wp-content\/uploads\/2025\/10\/Header_Thuban-01-1536x935-1-1024x623.webp 1024w, https:\/\/blacklight.com.tr\/wp-content\/uploads\/2025\/10\/Header_Thuban-01-1536x935-1-300x183.webp 300w, https:\/\/blacklight.com.tr\/wp-content\/uploads\/2025\/10\/Header_Thuban-01-1536x935-1-768x468.webp 768w, https:\/\/blacklight.com.tr\/wp-content\/uploads\/2025\/10\/Header_Thuban-01-1536x935-1-18x12.webp 18w, https:\/\/blacklight.com.tr\/wp-content\/uploads\/2025\/10\/Header_Thuban-01-1536x935-1.webp 1536w\" sizes=\"(max-width: 1024px) 100vw, 1024px\" \/>\t\t\t\t\t\t\t\t\t\t\t\t\t\t\t<\/div>\n\t\t\t\t<\/div>\n\t\t\t\t\t<\/div>\n\t\t\t\t<\/div>\n\t\t<div class=\"elementor-element elementor-element-ebda97a e-flex e-con-boxed e-con e-parent\" data-id=\"ebda97a\" data-element_type=\"container\" data-e-type=\"container\" data-settings=\"{&quot;background_background&quot;:&quot;classic&quot;}\">\n\t\t\t\t\t<div class=\"e-con-inner\">\n\t\t<div class=\"elementor-element elementor-element-17c1e25 e-con-full e-flex e-con e-child\" data-id=\"17c1e25\" data-element_type=\"container\" data-e-type=\"container\">\n\t\t\t\t<div class=\"elementor-element elementor-element-733dba2 elementor-widget elementor-widget-image\" data-id=\"733dba2\" data-element_type=\"widget\" data-e-type=\"widget\" data-widget_type=\"image.default\">\n\t\t\t\t\t\t\t\t\t\t\t\t\t\t\t\t<a href=\"https:\/\/blacklight.com.tr\/en\/thuban\/\" target=\"_blank\">\n\t\t\t\t\t\t\t<img decoding=\"async\" width=\"1250\" height=\"1250\" src=\"https:\/\/blacklight.com.tr\/wp-content\/uploads\/2025\/10\/Thuban-01.png\" class=\"elementor-animation-grow attachment-full size-full wp-image-598\" alt=\"\" srcset=\"https:\/\/blacklight.com.tr\/wp-content\/uploads\/2025\/10\/Thuban-01.png 1250w, https:\/\/blacklight.com.tr\/wp-content\/uploads\/2025\/10\/Thuban-01-300x300.png 300w, https:\/\/blacklight.com.tr\/wp-content\/uploads\/2025\/10\/Thuban-01-1024x1024.png 1024w, https:\/\/blacklight.com.tr\/wp-content\/uploads\/2025\/10\/Thuban-01-150x150.png 150w, https:\/\/blacklight.com.tr\/wp-content\/uploads\/2025\/10\/Thuban-01-768x768.png 768w, https:\/\/blacklight.com.tr\/wp-content\/uploads\/2025\/10\/Thuban-01-12x12.png 12w\" sizes=\"(max-width: 1250px) 100vw, 1250px\" \/>\t\t\t\t\t\t\t\t<\/a>\n\t\t\t\t\t\t\t\t\t\t\t\t\t\t\t<\/div>\n\t\t\t\t<div class=\"elementor-element elementor-element-4daf75a elementor-align-justify elementor-widget elementor-widget-button\" data-id=\"4daf75a\" data-element_type=\"widget\" data-e-type=\"widget\" data-widget_type=\"button.default\">\n\t\t\t\t\t\t\t\t\t\t<a class=\"elementor-button elementor-button-link elementor-size-sm\" href=\"https:\/\/blacklight.com.tr\/en\/thuban\/\" target=\"_blank\">\n\t\t\t\t\t\t<span class=\"elementor-button-content-wrapper\">\n\t\t\t\t\t\t\t\t\t<span class=\"elementor-button-text\">Thuban<\/span>\n\t\t\t\t\t<\/span>\n\t\t\t\t\t<\/a>\n\t\t\t\t\t\t\t\t<\/div>\n\t\t\t\t<\/div>\n\t\t<div class=\"elementor-element elementor-element-603914c e-con-full e-flex e-con e-child\" data-id=\"603914c\" data-element_type=\"container\" data-e-type=\"container\">\n\t\t\t\t<\/div>\n\t\t<div class=\"elementor-element elementor-element-a88b653 e-con-full e-flex e-con e-child\" data-id=\"a88b653\" data-element_type=\"container\" data-e-type=\"container\">\n\t\t\t\t<\/div>\n\t\t<div class=\"elementor-element elementor-element-f519832 e-con-full e-flex e-con e-child\" data-id=\"f519832\" data-element_type=\"container\" data-e-type=\"container\">\n\t\t\t\t<\/div>\n\t\t<div class=\"elementor-element elementor-element-30f18a8 e-con-full e-flex e-con e-child\" data-id=\"30f18a8\" data-element_type=\"container\" data-e-type=\"container\">\n\t\t\t\t<\/div>\n\t\t<div class=\"elementor-element elementor-element-f81dfe1 e-con-full e-flex e-con e-child\" data-id=\"f81dfe1\" data-element_type=\"container\" data-e-type=\"container\">\n\t\t\t\t<\/div>\n\t\t\t\t\t<\/div>\n\t\t\t\t<\/div>\n\t\t<div class=\"elementor-element elementor-element-2b7e0b3 e-flex e-con-boxed e-con e-parent\" data-id=\"2b7e0b3\" data-element_type=\"container\" data-e-type=\"container\">\n\t\t\t\t\t<div class=\"e-con-inner\">\n\t\t\t\t<div class=\"elementor-element elementor-element-cd388bb elementor-widget elementor-widget-text-editor\" data-id=\"cd388bb\" data-element_type=\"widget\" data-e-type=\"widget\" data-widget_type=\"text-editor.default\">\n\t\t\t\t\t\t\t\t\t<blockquote><p>Good tunnel lighting allows the driver to adapt to the light inside the tunnel at the tunnel entrance and creates a safe driving environment by providing sufficient lighting throughout the tunnel. The driver must enter, cross and exit the tunnel without any adverse effects.<\/p><\/blockquote>\t\t\t\t\t\t\t\t<\/div>\n\t\t\t\t\t<\/div>\n\t\t\t\t<\/div>\n\t\t<div class=\"elementor-element elementor-element-fded2c5 e-flex e-con-boxed e-con e-parent\" data-id=\"fded2c5\" data-element_type=\"container\" data-e-type=\"container\">\n\t\t\t\t\t<div class=\"e-con-inner\">\n\t\t\t\t<div class=\"elementor-element elementor-element-1abf619 elementor-widget elementor-widget-spacer\" data-id=\"1abf619\" data-element_type=\"widget\" data-e-type=\"widget\" data-widget_type=\"spacer.default\">\n\t\t\t\t\t\t\t<div class=\"elementor-spacer\">\n\t\t\t<div class=\"elementor-spacer-inner\"><\/div>\n\t\t<\/div>\n\t\t\t\t\t\t<\/div>\n\t\t\t\t\t<\/div>\n\t\t\t\t<\/div>\n\t\t\t\t<\/div>","protected":false},"excerpt":{"rendered":"<p>T\u00fcnel ve Alt Ge\u00e7it Armat\u00fcrleri Thuban \u0130yi bir t\u00fcnel ayd\u0131nlatmas\u0131, t\u00fcnel giri\u015finde s\u00fcr\u00fcc\u00fcn\u00fcn t\u00fcnel i\u00e7erisindeki \u0131\u015f\u0131\u011fa adaptasyonunu sa\u011flar ve t\u00fcnel boyunca yeterli ayd\u0131nlatmay\u0131 sa\u011flayarak g\u00fcvenli s\u00fcr\u00fc\u015f ortam\u0131 yarat\u0131r. S\u00fcr\u00fcc\u00fc herhangi bir olumsuz etkiye maruz kalmadan t\u00fcnele girmeli, t\u00fcnelden ge\u00e7meli ve t\u00fcnelden \u00e7\u0131kmal\u0131d\u0131r.<\/p>","protected":false},"author":1,"featured_media":0,"parent":0,"menu_order":0,"comment_status":"closed","ping_status":"closed","template":"","meta":{"_kad_post_transparent":"default","_kad_post_title":"hide","_kad_post_layout":"fullwidth","_kad_post_sidebar_id":"","_kad_post_content_style":"unboxed","_kad_post_vertical_padding":"hide","_kad_post_feature":"hide","_kad_post_feature_position":"","_kad_post_header":false,"_kad_post_footer":false,"_kad_post_classname":"","footnotes":""},"class_list":["post-607","page","type-page","status-publish","hentry"],"_links":{"self":[{"href":"https:\/\/blacklight.com.tr\/en\/wp-json\/wp\/v2\/pages\/607","targetHints":{"allow":["GET"]}}],"collection":[{"href":"https:\/\/blacklight.com.tr\/en\/wp-json\/wp\/v2\/pages"}],"about":[{"href":"https:\/\/blacklight.com.tr\/en\/wp-json\/wp\/v2\/types\/page"}],"author":[{"embeddable":true,"href":"https:\/\/blacklight.com.tr\/en\/wp-json\/wp\/v2\/users\/1"}],"replies":[{"embeddable":true,"href":"https:\/\/blacklight.com.tr\/en\/wp-json\/wp\/v2\/comments?post=607"}],"version-history":[{"count":4,"href":"https:\/\/blacklight.com.tr\/en\/wp-json\/wp\/v2\/pages\/607\/revisions"}],"predecessor-version":[{"id":611,"href":"https:\/\/blacklight.com.tr\/en\/wp-json\/wp\/v2\/pages\/607\/revisions\/611"}],"wp:attachment":[{"href":"https:\/\/blacklight.com.tr\/en\/wp-json\/wp\/v2\/media?parent=607"}],"curies":[{"name":"wp","href":"https:\/\/api.w.org\/{rel}","templated":true}]}}