{"id":583,"date":"2025-10-15T17:49:31","date_gmt":"2025-10-15T17:49:31","guid":{"rendered":"https:\/\/blacklight.com.tr\/?page_id=583"},"modified":"2025-12-01T13:31:40","modified_gmt":"2025-12-01T13:31:40","slug":"yol-cadde-aydinlatma-armaturleri","status":"publish","type":"page","link":"https:\/\/blacklight.com.tr\/en\/yol-cadde-aydinlatma-armaturleri\/","title":{"rendered":"Road and Street Lighting Luminaires"},"content":{"rendered":"<div data-elementor-type=\"wp-page\" data-elementor-id=\"583\" class=\"elementor elementor-583\">\n\t\t\t\t<div class=\"elementor-element elementor-element-f8369c2 e-flex e-con-boxed e-con e-parent\" data-id=\"f8369c2\" data-element_type=\"container\" data-e-type=\"container\" data-settings=\"{&quot;background_background&quot;:&quot;classic&quot;}\">\n\t\t\t\t\t<div class=\"e-con-inner\">\n\t\t<div class=\"elementor-element elementor-element-5fd79b2 e-con-full e-flex e-con e-child\" data-id=\"5fd79b2\" data-element_type=\"container\" data-e-type=\"container\">\n\t\t\t\t<div class=\"elementor-element elementor-element-f6436da elementor-widget__width-initial elementor-widget elementor-widget-heading\" data-id=\"f6436da\" data-element_type=\"widget\" data-e-type=\"widget\" data-widget_type=\"heading.default\">\n\t\t\t\t\t<h2 class=\"elementor-heading-title elementor-size-default\">Road and Street Lighting Luminaires<\/h2>\t\t\t\t<\/div>\n\t\t\t\t<\/div>\n\t\t\t\t\t<\/div>\n\t\t\t\t<\/div>\n\t\t<div class=\"elementor-element elementor-element-74b5370 e-flex e-con-boxed e-con e-parent\" data-id=\"74b5370\" data-element_type=\"container\" data-e-type=\"container\">\n\t\t\t\t\t<div class=\"e-con-inner\">\n\t\t<div class=\"elementor-element elementor-element-d50988d e-con-full e-flex e-con e-child\" data-id=\"d50988d\" data-element_type=\"container\" data-e-type=\"container\">\n\t\t\t\t<div class=\"elementor-element elementor-element-6ae71d4 elementor-widget elementor-widget-image\" data-id=\"6ae71d4\" data-element_type=\"widget\" data-e-type=\"widget\" data-widget_type=\"image.default\">\n\t\t\t\t\t\t\t\t\t\t\t\t\t\t\t<img fetchpriority=\"high\" decoding=\"async\" width=\"512\" height=\"1024\" src=\"https:\/\/blacklight.com.tr\/wp-content\/uploads\/2025\/10\/Your-partner-512x1024.webp\" class=\"attachment-large size-large wp-image-285\" alt=\"\" srcset=\"https:\/\/blacklight.com.tr\/wp-content\/uploads\/2025\/10\/Your-partner-512x1024.webp 512w, https:\/\/blacklight.com.tr\/wp-content\/uploads\/2025\/10\/Your-partner-150x300.webp 150w, https:\/\/blacklight.com.tr\/wp-content\/uploads\/2025\/10\/Your-partner-6x12.webp 6w, https:\/\/blacklight.com.tr\/wp-content\/uploads\/2025\/10\/Your-partner.webp 761w\" sizes=\"(max-width: 512px) 100vw, 512px\" \/>\t\t\t\t\t\t\t\t\t\t\t\t\t\t\t<\/div>\n\t\t\t\t<\/div>\n\t\t<div class=\"elementor-element elementor-element-1917e94 e-con-full e-flex e-con e-child\" data-id=\"1917e94\" data-element_type=\"container\" data-e-type=\"container\">\n\t\t\t\t<div class=\"elementor-element elementor-element-5488311 elementor-widget elementor-widget-image\" data-id=\"5488311\" data-element_type=\"widget\" data-e-type=\"widget\" data-widget_type=\"image.default\">\n\t\t\t\t\t\t\t\t\t\t\t\t\t\t\t<img decoding=\"async\" width=\"1024\" height=\"623\" src=\"https:\/\/blacklight.com.tr\/wp-content\/uploads\/2025\/10\/Yol-cadde_header-02-1536x935-1-1024x623.webp\" class=\"attachment-large size-large wp-image-585\" alt=\"\" srcset=\"https:\/\/blacklight.com.tr\/wp-content\/uploads\/2025\/10\/Yol-cadde_header-02-1536x935-1-1024x623.webp 1024w, https:\/\/blacklight.com.tr\/wp-content\/uploads\/2025\/10\/Yol-cadde_header-02-1536x935-1-300x183.webp 300w, https:\/\/blacklight.com.tr\/wp-content\/uploads\/2025\/10\/Yol-cadde_header-02-1536x935-1-768x468.webp 768w, https:\/\/blacklight.com.tr\/wp-content\/uploads\/2025\/10\/Yol-cadde_header-02-1536x935-1-18x12.webp 18w, https:\/\/blacklight.com.tr\/wp-content\/uploads\/2025\/10\/Yol-cadde_header-02-1536x935-1.webp 1536w\" sizes=\"(max-width: 1024px) 100vw, 1024px\" \/>\t\t\t\t\t\t\t\t\t\t\t\t\t\t\t<\/div>\n\t\t\t\t<\/div>\n\t\t\t\t\t<\/div>\n\t\t\t\t<\/div>\n\t\t<div class=\"elementor-element elementor-element-ebda97a e-flex e-con-boxed e-con e-parent\" data-id=\"ebda97a\" data-element_type=\"container\" data-e-type=\"container\" data-settings=\"{&quot;background_background&quot;:&quot;classic&quot;}\">\n\t\t\t\t\t<div class=\"e-con-inner\">\n\t\t<div class=\"elementor-element elementor-element-17c1e25 e-con-full e-flex e-con e-child\" data-id=\"17c1e25\" data-element_type=\"container\" data-e-type=\"container\">\n\t\t\t\t<div class=\"elementor-element elementor-element-733dba2 elementor-widget elementor-widget-image\" data-id=\"733dba2\" data-element_type=\"widget\" data-e-type=\"widget\" data-widget_type=\"image.default\">\n\t\t\t\t\t\t\t\t\t\t\t\t\t\t\t\t<a href=\"https:\/\/blacklight.com.tr\/en\/venus-2\/\" target=\"_blank\">\n\t\t\t\t\t\t\t<img decoding=\"async\" width=\"1250\" height=\"1250\" src=\"https:\/\/blacklight.com.tr\/wp-content\/uploads\/2025\/12\/Venus_1-01.png\" class=\"elementor-animation-grow attachment-full size-full wp-image-2444\" alt=\"\" srcset=\"https:\/\/blacklight.com.tr\/wp-content\/uploads\/2025\/12\/Venus_1-01.png 1250w, https:\/\/blacklight.com.tr\/wp-content\/uploads\/2025\/12\/Venus_1-01-300x300.png 300w, https:\/\/blacklight.com.tr\/wp-content\/uploads\/2025\/12\/Venus_1-01-1024x1024.png 1024w, https:\/\/blacklight.com.tr\/wp-content\/uploads\/2025\/12\/Venus_1-01-150x150.png 150w, https:\/\/blacklight.com.tr\/wp-content\/uploads\/2025\/12\/Venus_1-01-768x768.png 768w, https:\/\/blacklight.com.tr\/wp-content\/uploads\/2025\/12\/Venus_1-01-12x12.png 12w\" sizes=\"(max-width: 1250px) 100vw, 1250px\" \/>\t\t\t\t\t\t\t\t<\/a>\n\t\t\t\t\t\t\t\t\t\t\t\t\t\t\t<\/div>\n\t\t\t\t<div class=\"elementor-element elementor-element-4daf75a elementor-align-justify elementor-widget elementor-widget-button\" data-id=\"4daf75a\" data-element_type=\"widget\" data-e-type=\"widget\" data-widget_type=\"button.default\">\n\t\t\t\t\t\t\t\t\t\t<a class=\"elementor-button elementor-button-link elementor-size-sm\" href=\"https:\/\/blacklight.com.tr\/en\/venus-2\/\" target=\"_blank\">\n\t\t\t\t\t\t<span class=\"elementor-button-content-wrapper\">\n\t\t\t\t\t\t\t\t\t<span class=\"elementor-button-text\">Ven\u00fcs<\/span>\n\t\t\t\t\t<\/span>\n\t\t\t\t\t<\/a>\n\t\t\t\t\t\t\t\t<\/div>\n\t\t\t\t<\/div>\n\t\t<div class=\"elementor-element elementor-element-603914c e-con-full e-flex e-con e-child\" data-id=\"603914c\" data-element_type=\"container\" data-e-type=\"container\">\n\t\t\t\t<div class=\"elementor-element elementor-element-fad4384 elementor-widget elementor-widget-image\" data-id=\"fad4384\" data-element_type=\"widget\" data-e-type=\"widget\" data-widget_type=\"image.default\">\n\t\t\t\t\t\t\t\t\t\t\t\t\t\t\t\t<a href=\"https:\/\/blacklight.com.tr\/en\/venus-m-2\/\" target=\"_blank\">\n\t\t\t\t\t\t\t<img loading=\"lazy\" decoding=\"async\" width=\"1250\" height=\"1250\" src=\"https:\/\/blacklight.com.tr\/wp-content\/uploads\/2025\/10\/Venus-M-01.png\" class=\"elementor-animation-grow attachment-full size-full wp-image-543\" alt=\"\" srcset=\"https:\/\/blacklight.com.tr\/wp-content\/uploads\/2025\/10\/Venus-M-01.png 1250w, https:\/\/blacklight.com.tr\/wp-content\/uploads\/2025\/10\/Venus-M-01-300x300.png 300w, https:\/\/blacklight.com.tr\/wp-content\/uploads\/2025\/10\/Venus-M-01-1024x1024.png 1024w, https:\/\/blacklight.com.tr\/wp-content\/uploads\/2025\/10\/Venus-M-01-150x150.png 150w, https:\/\/blacklight.com.tr\/wp-content\/uploads\/2025\/10\/Venus-M-01-768x768.png 768w, https:\/\/blacklight.com.tr\/wp-content\/uploads\/2025\/10\/Venus-M-01-12x12.png 12w\" sizes=\"(max-width: 1250px) 100vw, 1250px\" \/>\t\t\t\t\t\t\t\t<\/a>\n\t\t\t\t\t\t\t\t\t\t\t\t\t\t\t<\/div>\n\t\t\t\t<div class=\"elementor-element elementor-element-b53b825 elementor-align-justify elementor-widget elementor-widget-button\" data-id=\"b53b825\" data-element_type=\"widget\" data-e-type=\"widget\" data-widget_type=\"button.default\">\n\t\t\t\t\t\t\t\t\t\t<a class=\"elementor-button elementor-button-link elementor-size-sm\" href=\"https:\/\/blacklight.com.tr\/en\/venus-m-2\/\" target=\"_blank\">\n\t\t\t\t\t\t<span class=\"elementor-button-content-wrapper\">\n\t\t\t\t\t\t\t\t\t<span class=\"elementor-button-text\">Ven\u00fcs-M<\/span>\n\t\t\t\t\t<\/span>\n\t\t\t\t\t<\/a>\n\t\t\t\t\t\t\t\t<\/div>\n\t\t\t\t<\/div>\n\t\t<div class=\"elementor-element elementor-element-a88b653 e-con-full e-flex e-con e-child\" data-id=\"a88b653\" data-element_type=\"container\" data-e-type=\"container\">\n\t\t\t\t<div class=\"elementor-element elementor-element-1fc01a6 elementor-widget elementor-widget-image\" data-id=\"1fc01a6\" data-element_type=\"widget\" data-e-type=\"widget\" data-widget_type=\"image.default\">\n\t\t\t\t\t\t\t\t\t\t\t\t\t\t\t\t<a href=\"https:\/\/blacklight.com.tr\/en\/orcus-2\/\" target=\"_blank\">\n\t\t\t\t\t\t\t<img loading=\"lazy\" decoding=\"async\" width=\"1250\" height=\"1250\" src=\"https:\/\/blacklight.com.tr\/wp-content\/uploads\/2025\/10\/Orcus-01.png\" class=\"elementor-animation-grow attachment-full size-full wp-image-547\" alt=\"\" srcset=\"https:\/\/blacklight.com.tr\/wp-content\/uploads\/2025\/10\/Orcus-01.png 1250w, https:\/\/blacklight.com.tr\/wp-content\/uploads\/2025\/10\/Orcus-01-300x300.png 300w, https:\/\/blacklight.com.tr\/wp-content\/uploads\/2025\/10\/Orcus-01-1024x1024.png 1024w, https:\/\/blacklight.com.tr\/wp-content\/uploads\/2025\/10\/Orcus-01-150x150.png 150w, https:\/\/blacklight.com.tr\/wp-content\/uploads\/2025\/10\/Orcus-01-768x768.png 768w, https:\/\/blacklight.com.tr\/wp-content\/uploads\/2025\/10\/Orcus-01-12x12.png 12w\" sizes=\"(max-width: 1250px) 100vw, 1250px\" \/>\t\t\t\t\t\t\t\t<\/a>\n\t\t\t\t\t\t\t\t\t\t\t\t\t\t\t<\/div>\n\t\t\t\t<div class=\"elementor-element elementor-element-ed428cb elementor-align-justify elementor-widget elementor-widget-button\" data-id=\"ed428cb\" data-element_type=\"widget\" data-e-type=\"widget\" data-widget_type=\"button.default\">\n\t\t\t\t\t\t\t\t\t\t<a class=\"elementor-button elementor-button-link elementor-size-sm\" href=\"https:\/\/blacklight.com.tr\/en\/orcus-2\/\" target=\"_blank\">\n\t\t\t\t\t\t<span class=\"elementor-button-content-wrapper\">\n\t\t\t\t\t\t\t\t\t<span class=\"elementor-button-text\">Orcus<\/span>\n\t\t\t\t\t<\/span>\n\t\t\t\t\t<\/a>\n\t\t\t\t\t\t\t\t<\/div>\n\t\t\t\t<\/div>\n\t\t<div class=\"elementor-element elementor-element-f519832 e-con-full e-flex e-con e-child\" data-id=\"f519832\" data-element_type=\"container\" data-e-type=\"container\">\n\t\t\t\t<div class=\"elementor-element elementor-element-4fa55a6 elementor-widget elementor-widget-image\" data-id=\"4fa55a6\" data-element_type=\"widget\" data-e-type=\"widget\" data-widget_type=\"image.default\">\n\t\t\t\t\t\t\t\t\t\t\t\t\t\t\t\t<a href=\"https:\/\/blacklight.com.tr\/en\/mars-2\/\" target=\"_blank\">\n\t\t\t\t\t\t\t<img loading=\"lazy\" decoding=\"async\" width=\"1250\" height=\"1250\" src=\"https:\/\/blacklight.com.tr\/wp-content\/uploads\/2025\/10\/Mars-01.png\" class=\"elementor-animation-grow attachment-full size-full wp-image-553\" alt=\"\" srcset=\"https:\/\/blacklight.com.tr\/wp-content\/uploads\/2025\/10\/Mars-01.png 1250w, https:\/\/blacklight.com.tr\/wp-content\/uploads\/2025\/10\/Mars-01-300x300.png 300w, https:\/\/blacklight.com.tr\/wp-content\/uploads\/2025\/10\/Mars-01-1024x1024.png 1024w, https:\/\/blacklight.com.tr\/wp-content\/uploads\/2025\/10\/Mars-01-150x150.png 150w, https:\/\/blacklight.com.tr\/wp-content\/uploads\/2025\/10\/Mars-01-768x768.png 768w, https:\/\/blacklight.com.tr\/wp-content\/uploads\/2025\/10\/Mars-01-12x12.png 12w\" sizes=\"(max-width: 1250px) 100vw, 1250px\" \/>\t\t\t\t\t\t\t\t<\/a>\n\t\t\t\t\t\t\t\t\t\t\t\t\t\t\t<\/div>\n\t\t\t\t<div class=\"elementor-element elementor-element-6345b7b elementor-align-justify elementor-widget elementor-widget-button\" data-id=\"6345b7b\" data-element_type=\"widget\" data-e-type=\"widget\" data-widget_type=\"button.default\">\n\t\t\t\t\t\t\t\t\t\t<a class=\"elementor-button elementor-button-link elementor-size-sm\" href=\"https:\/\/blacklight.com.tr\/en\/mars-2\/\" target=\"_blank\">\n\t\t\t\t\t\t<span class=\"elementor-button-content-wrapper\">\n\t\t\t\t\t\t\t\t\t<span class=\"elementor-button-text\">Mars<\/span>\n\t\t\t\t\t<\/span>\n\t\t\t\t\t<\/a>\n\t\t\t\t\t\t\t\t<\/div>\n\t\t\t\t<\/div>\n\t\t<div class=\"elementor-element elementor-element-30f18a8 e-con-full e-flex e-con e-child\" data-id=\"30f18a8\" data-element_type=\"container\" data-e-type=\"container\">\n\t\t\t\t<\/div>\n\t\t<div class=\"elementor-element elementor-element-f81dfe1 e-con-full e-flex e-con e-child\" data-id=\"f81dfe1\" data-element_type=\"container\" data-e-type=\"container\">\n\t\t\t\t<\/div>\n\t\t\t\t\t<\/div>\n\t\t\t\t<\/div>\n\t\t<div class=\"elementor-element elementor-element-2b7e0b3 e-flex e-con-boxed e-con e-parent\" data-id=\"2b7e0b3\" data-element_type=\"container\" data-e-type=\"container\">\n\t\t\t\t\t<div class=\"e-con-inner\">\n\t\t\t\t<div class=\"elementor-element elementor-element-cd388bb elementor-widget elementor-widget-text-editor\" data-id=\"cd388bb\" data-element_type=\"widget\" data-e-type=\"widget\" data-widget_type=\"text-editor.default\">\n\t\t\t\t\t\t\t\t\t<blockquote><p>Ven\u00fcs was designed in such a way providing optical and functional advantages in the lighting class. With its optimized body putting up maximum resistance to outdoor conditions gives result above and beyond the expectations regarding the mechanical endurance of the luminaire.<\/p><p>The light efficiency is high thanks to its high-performance components. In line with our principles, always aiming for optimum performance, high energy saving and long usage it provides a return on your investments as soon as possible with its life span.<\/p><\/blockquote>\t\t\t\t\t\t\t\t<\/div>\n\t\t\t\t\t<\/div>\n\t\t\t\t<\/div>\n\t\t<div class=\"elementor-element elementor-element-fded2c5 e-flex e-con-boxed e-con e-parent\" data-id=\"fded2c5\" data-element_type=\"container\" data-e-type=\"container\">\n\t\t\t\t\t<div class=\"e-con-inner\">\n\t\t\t\t<div class=\"elementor-element elementor-element-1abf619 elementor-widget elementor-widget-spacer\" data-id=\"1abf619\" data-element_type=\"widget\" data-e-type=\"widget\" data-widget_type=\"spacer.default\">\n\t\t\t\t\t\t\t<div class=\"elementor-spacer\">\n\t\t\t<div class=\"elementor-spacer-inner\"><\/div>\n\t\t<\/div>\n\t\t\t\t\t\t<\/div>\n\t\t\t\t\t<\/div>\n\t\t\t\t<\/div>\n\t\t\t\t<\/div>","protected":false},"excerpt":{"rendered":"<p>Yol Cadde Ayd\u0131nlatma Armat\u00fcrleri Ven\u00fcs Ven\u00fcs-M Orcus Mars Sokak ve yol ayd\u0131nlatma s\u0131n\u0131f\u0131nda optik ve i\u015flevsel avantajlar sa\u011flayacak \u015fekilde tasarland\u0131. D\u0131\u015f ortam ko\u015fullar\u0131na maksimum dayan\u0131m g\u00f6steren optimize edilmi\u015f g\u00f6vdesi ile armat\u00fcr\u00fcn mekanik \u00f6mr\u00fc beklentilerin \u00fczerinde sonu\u00e7 vermektedir. Y\u00fcksek performansl\u0131 bile\u015fenleri sayesinde \u0131\u015f\u0131k verimi y\u00fcksektir. Her zaman y\u00fcksek performans\u0131 hedefleyen ilkelerimize paralel olarak y\u00fcksek enerji tasarrufu&#8230;<\/p>","protected":false},"author":1,"featured_media":0,"parent":0,"menu_order":0,"comment_status":"closed","ping_status":"closed","template":"","meta":{"_kad_post_transparent":"default","_kad_post_title":"hide","_kad_post_layout":"fullwidth","_kad_post_sidebar_id":"","_kad_post_content_style":"unboxed","_kad_post_vertical_padding":"hide","_kad_post_feature":"hide","_kad_post_feature_position":"","_kad_post_header":false,"_kad_post_footer":false,"_kad_post_classname":"","footnotes":""},"class_list":["post-583","page","type-page","status-publish","hentry"],"_links":{"self":[{"href":"https:\/\/blacklight.com.tr\/en\/wp-json\/wp\/v2\/pages\/583","targetHints":{"allow":["GET"]}}],"collection":[{"href":"https:\/\/blacklight.com.tr\/en\/wp-json\/wp\/v2\/pages"}],"about":[{"href":"https:\/\/blacklight.com.tr\/en\/wp-json\/wp\/v2\/types\/page"}],"author":[{"embeddable":true,"href":"https:\/\/blacklight.com.tr\/en\/wp-json\/wp\/v2\/users\/1"}],"replies":[{"embeddable":true,"href":"https:\/\/blacklight.com.tr\/en\/wp-json\/wp\/v2\/comments?post=583"}],"version-history":[{"count":13,"href":"https:\/\/blacklight.com.tr\/en\/wp-json\/wp\/v2\/pages\/583\/revisions"}],"predecessor-version":[{"id":2448,"href":"https:\/\/blacklight.com.tr\/en\/wp-json\/wp\/v2\/pages\/583\/revisions\/2448"}],"wp:attachment":[{"href":"https:\/\/blacklight.com.tr\/en\/wp-json\/wp\/v2\/media?parent=583"}],"curies":[{"name":"wp","href":"https:\/\/api.w.org\/{rel}","templated":true}]}}