{"id":409,"date":"2025-10-15T15:25:50","date_gmt":"2025-10-15T15:25:50","guid":{"rendered":"https:\/\/blacklight.com.tr\/?page_id=409"},"modified":"2025-10-15T15:40:33","modified_gmt":"2025-10-15T15:40:33","slug":"flora-s","status":"publish","type":"page","link":"https:\/\/blacklight.com.tr\/en\/flora-s\/","title":{"rendered":"Flora S"},"content":{"rendered":"<div data-elementor-type=\"wp-page\" data-elementor-id=\"409\" class=\"elementor elementor-409\">\n\t\t\t\t<div class=\"elementor-element elementor-element-f8369c2 e-flex e-con-boxed e-con e-parent\" data-id=\"f8369c2\" data-element_type=\"container\" data-e-type=\"container\" data-settings=\"{&quot;background_background&quot;:&quot;classic&quot;}\">\n\t\t\t\t\t<div class=\"e-con-inner\">\n\t\t<div class=\"elementor-element elementor-element-5fd79b2 e-con-full e-flex e-con e-child\" data-id=\"5fd79b2\" data-element_type=\"container\" data-e-type=\"container\">\n\t\t\t\t<div class=\"elementor-element elementor-element-f6436da elementor-widget__width-initial elementor-widget elementor-widget-heading\" data-id=\"f6436da\" data-element_type=\"widget\" data-e-type=\"widget\" data-widget_type=\"heading.default\">\n\t\t\t\t\t<h2 class=\"elementor-heading-title elementor-size-default\">Flora - S<\/h2>\t\t\t\t<\/div>\n\t\t\t\t<\/div>\n\t\t<div class=\"elementor-element elementor-element-121bacf e-con-full e-flex e-con e-child\" data-id=\"121bacf\" data-element_type=\"container\" data-e-type=\"container\">\n\t\t\t\t<div class=\"elementor-element elementor-element-f89a9a6 elementor-widget elementor-widget-image\" data-id=\"f89a9a6\" data-element_type=\"widget\" data-e-type=\"widget\" data-widget_type=\"image.default\">\n\t\t\t\t\t\t\t\t\t\t\t\t\t\t\t<img fetchpriority=\"high\" decoding=\"async\" width=\"1024\" height=\"110\" src=\"https:\/\/blacklight.com.tr\/wp-content\/uploads\/2025\/10\/TSE-Rohs-01-1024x110.png\" class=\"attachment-large size-large wp-image-43\" alt=\"\" srcset=\"https:\/\/blacklight.com.tr\/wp-content\/uploads\/2025\/10\/TSE-Rohs-01-1024x110.png 1024w, https:\/\/blacklight.com.tr\/wp-content\/uploads\/2025\/10\/TSE-Rohs-01-300x32.png 300w, https:\/\/blacklight.com.tr\/wp-content\/uploads\/2025\/10\/TSE-Rohs-01-768x83.png 768w, https:\/\/blacklight.com.tr\/wp-content\/uploads\/2025\/10\/TSE-Rohs-01-1536x166.png 1536w, https:\/\/blacklight.com.tr\/wp-content\/uploads\/2025\/10\/TSE-Rohs-01-2048x221.png 2048w, https:\/\/blacklight.com.tr\/wp-content\/uploads\/2025\/10\/TSE-Rohs-01-18x2.png 18w\" sizes=\"(max-width: 1024px) 100vw, 1024px\" \/>\t\t\t\t\t\t\t\t\t\t\t\t\t\t\t<\/div>\n\t\t\t\t<\/div>\n\t\t\t\t\t<\/div>\n\t\t\t\t<\/div>\n\t\t<div class=\"elementor-element elementor-element-4fb1c71 e-flex e-con-boxed e-con e-parent\" data-id=\"4fb1c71\" data-element_type=\"container\" data-e-type=\"container\">\n\t\t\t\t\t<div class=\"e-con-inner\">\n\t\t<div class=\"elementor-element elementor-element-c8beebe e-con-full e-flex e-con e-child\" data-id=\"c8beebe\" data-element_type=\"container\" data-e-type=\"container\">\n\t\t\t\t<div class=\"elementor-element elementor-element-c931229 elementor-widget elementor-widget-image\" data-id=\"c931229\" data-element_type=\"widget\" data-e-type=\"widget\" data-widget_type=\"image.default\">\n\t\t\t\t\t\t\t\t\t\t\t\t\t\t\t<img decoding=\"async\" width=\"1024\" height=\"1024\" src=\"https:\/\/blacklight.com.tr\/wp-content\/uploads\/2025\/10\/Flora_S-02-1024x1024.png\" class=\"attachment-large size-large wp-image-416\" alt=\"\" srcset=\"https:\/\/blacklight.com.tr\/wp-content\/uploads\/2025\/10\/Flora_S-02-1024x1024.png 1024w, https:\/\/blacklight.com.tr\/wp-content\/uploads\/2025\/10\/Flora_S-02-300x300.png 300w, https:\/\/blacklight.com.tr\/wp-content\/uploads\/2025\/10\/Flora_S-02-150x150.png 150w, https:\/\/blacklight.com.tr\/wp-content\/uploads\/2025\/10\/Flora_S-02-768x767.png 768w, https:\/\/blacklight.com.tr\/wp-content\/uploads\/2025\/10\/Flora_S-02-12x12.png 12w, https:\/\/blacklight.com.tr\/wp-content\/uploads\/2025\/10\/Flora_S-02.png 1251w\" sizes=\"(max-width: 1024px) 100vw, 1024px\" \/>\t\t\t\t\t\t\t\t\t\t\t\t\t\t\t<\/div>\n\t\t\t\t<\/div>\n\t\t<div class=\"elementor-element elementor-element-df58b8b e-con-full e-flex e-con e-child\" data-id=\"df58b8b\" data-element_type=\"container\" data-e-type=\"container\">\n\t\t\t\t<div class=\"elementor-element elementor-element-1461822 elementor-widget elementor-widget-heading\" data-id=\"1461822\" data-element_type=\"widget\" data-e-type=\"widget\" data-widget_type=\"heading.default\">\n\t\t\t\t\t<h2 class=\"elementor-heading-title elementor-size-default\">Technical Specifications<\/h2>\t\t\t\t<\/div>\n\t\t\t\t<div class=\"elementor-element elementor-element-5a6fd1c elementor-widget-divider--view-line elementor-widget elementor-widget-divider\" data-id=\"5a6fd1c\" data-element_type=\"widget\" data-e-type=\"widget\" data-widget_type=\"divider.default\">\n\t\t\t\t\t\t\t<div class=\"elementor-divider\">\n\t\t\t<span class=\"elementor-divider-separator\">\n\t\t\t\t\t\t<\/span>\n\t\t<\/div>\n\t\t\t\t\t\t<\/div>\n\t\t\t\t<div class=\"elementor-element elementor-element-931a647 elementor-widget elementor-widget-text-editor\" data-id=\"931a647\" data-element_type=\"widget\" data-e-type=\"widget\" data-widget_type=\"text-editor.default\">\n\t\t\t\t\t\t\t\t\t<table width=\"522\"><tbody><tr><td><p><strong>BODY<\/strong><\/p><\/td><td><p>Electrostatic Powder Coated Aluminum Injection Body<\/p><\/td><\/tr><tr><td><p><strong>DIFFUSER<\/strong><\/p><\/td><td><p>4 mm High Transmittance Tempered Glass\u00a0<\/p><\/td><\/tr><tr><td><p><strong>OPTICAL<\/strong><\/p><\/td><td><p>High Efficiency Block Lens<\/p><\/td><\/tr><tr><td><p><strong>LIGHT SOURCE<\/strong><\/p><\/td><td><p>Mid Power Led<\/p><\/td><\/tr><tr><td><p><strong>CRI<\/strong><\/p><\/td><td><p>\u226570<\/p><\/td><\/tr><tr><td><p><strong>IG\u0130R\u0130\u015e GER\u0130L\u0130M\u0130<\/strong><\/p><\/td><td><p>100-265 VAC 50-60HZ<\/p><\/td><\/tr><tr><td><p><strong>P SINIFI<\/strong><\/p><\/td><td><p>IP 66<\/p><\/td><\/tr><tr><td><p><strong>IK RAITING<\/strong><\/p><\/td><td><p>IK 08-10<\/p><\/td><\/tr><tr><td><p><strong>RAL CODE<\/strong><\/p><\/td><td><p>7047<\/p><\/td><\/tr><tr><td><p><strong>WARRANTY TIME<\/strong><\/p><\/td><td><p>2 Years<\/p><\/td><\/tr><tr><td><p><strong>OPERATING TEMP.<\/strong><\/p><\/td><td><p>-25 \u00b0C ~ +50 \u00b0C<\/p><\/td><\/tr><tr><td><p><strong>LED LIFETIME<\/strong><\/p><\/td><td><p>L70&gt;60,000 Hours<\/p><\/td><\/tr><\/tbody><\/table>\t\t\t\t\t\t\t\t<\/div>\n\t\t\t\t<\/div>\n\t\t\t\t\t<\/div>\n\t\t\t\t<\/div>\n\t\t<div class=\"elementor-element elementor-element-23618cf e-flex e-con-boxed e-con e-parent\" data-id=\"23618cf\" data-element_type=\"container\" data-e-type=\"container\">\n\t\t\t\t\t<div class=\"e-con-inner\">\n\t\t<div class=\"elementor-element elementor-element-c4aebdc e-con-full e-flex e-con e-child\" data-id=\"c4aebdc\" data-element_type=\"container\" data-e-type=\"container\">\n\t\t<div class=\"elementor-element elementor-element-6aa7bc1 e-con-full e-flex e-con e-child\" data-id=\"6aa7bc1\" data-element_type=\"container\" data-e-type=\"container\">\n\t\t\t\t<div class=\"elementor-element elementor-element-9189a25 elementor-widget elementor-widget-image\" data-id=\"9189a25\" data-element_type=\"widget\" data-e-type=\"widget\" data-widget_type=\"image.default\">\n\t\t\t\t\t\t\t\t\t\t\t\t\t\t\t<img decoding=\"async\" width=\"1024\" height=\"186\" src=\"https:\/\/blacklight.com.tr\/wp-content\/uploads\/2025\/10\/Flora_S-05-1024x186.png\" class=\"attachment-large size-large wp-image-419\" alt=\"\" srcset=\"https:\/\/blacklight.com.tr\/wp-content\/uploads\/2025\/10\/Flora_S-05-1024x186.png 1024w, https:\/\/blacklight.com.tr\/wp-content\/uploads\/2025\/10\/Flora_S-05-300x54.png 300w, https:\/\/blacklight.com.tr\/wp-content\/uploads\/2025\/10\/Flora_S-05-768x139.png 768w, https:\/\/blacklight.com.tr\/wp-content\/uploads\/2025\/10\/Flora_S-05-1536x279.png 1536w, https:\/\/blacklight.com.tr\/wp-content\/uploads\/2025\/10\/Flora_S-05-18x3.png 18w, https:\/\/blacklight.com.tr\/wp-content\/uploads\/2025\/10\/Flora_S-05.png 1614w\" sizes=\"(max-width: 1024px) 100vw, 1024px\" \/>\t\t\t\t\t\t\t\t\t\t\t\t\t\t\t<\/div>\n\t\t\t\t<\/div>\n\t\t<div class=\"elementor-element elementor-element-fbcaa52 e-con-full e-flex e-con e-child\" data-id=\"fbcaa52\" data-element_type=\"container\" data-e-type=\"container\">\n\t\t\t\t<div class=\"elementor-element elementor-element-56f88e7 elementor-align-right elementor-widget elementor-widget-button\" data-id=\"56f88e7\" data-element_type=\"widget\" data-e-type=\"widget\" data-widget_type=\"button.default\">\n\t\t\t\t\t\t\t\t\t\t<a class=\"elementor-button elementor-button-link elementor-size-sm\" href=\"https:\/\/blacklight.com.tr\/wp-content\/uploads\/2025\/10\/Flora-S.pdf\" target=\"_blank\">\n\t\t\t\t\t\t<span class=\"elementor-button-content-wrapper\">\n\t\t\t\t\t\t\t\t\t<span class=\"elementor-button-text\">View\/Download Product Catalog<\/span>\n\t\t\t\t\t<\/span>\n\t\t\t\t\t<\/a>\n\t\t\t\t\t\t\t\t<\/div>\n\t\t\t\t<\/div>\n\t\t\t\t<\/div>\n\t\t\t\t\t<\/div>\n\t\t\t\t<\/div>\n\t\t<div class=\"elementor-element elementor-element-a7d3bd7 e-flex e-con-boxed e-con e-parent\" data-id=\"a7d3bd7\" data-element_type=\"container\" data-e-type=\"container\">\n\t\t\t\t\t<div class=\"e-con-inner\">\n\t\t\t\t<div class=\"elementor-element elementor-element-e6c0894 elementor-widget elementor-widget-n-accordion\" data-id=\"e6c0894\" data-element_type=\"widget\" data-e-type=\"widget\" data-settings=\"{&quot;default_state&quot;:&quot;expanded&quot;,&quot;max_items_expended&quot;:&quot;one&quot;,&quot;n_accordion_animation_duration&quot;:{&quot;unit&quot;:&quot;ms&quot;,&quot;size&quot;:400,&quot;sizes&quot;:[]}}\" data-widget_type=\"nested-accordion.default\">\n\t\t\t\t\t\t\t<div class=\"e-n-accordion\" aria-label=\"Accordion. Open links with Enter or Space, close with Escape, and navigate with Arrow Keys\">\n\t\t\t\t\t\t<details id=\"e-n-accordion-item-2410\" class=\"e-n-accordion-item\" open>\n\t\t\t\t<summary class=\"e-n-accordion-item-title\" data-accordion-index=\"1\" tabindex=\"0\" aria-expanded=\"true\" aria-controls=\"e-n-accordion-item-2410\" >\n\t\t\t\t\t<span class='e-n-accordion-item-title-header'><div class=\"e-n-accordion-item-title-text\"> Areas of Use <\/div><\/span>\n\t\t\t\t\t\t\t<span class='e-n-accordion-item-title-icon'>\n\t\t\t<span class='e-opened' ><svg aria-hidden=\"true\" class=\"e-font-icon-svg e-fas-caret-down\" viewbox=\"0 0 320 512\" xmlns=\"http:\/\/www.w3.org\/2000\/svg\"><path d=\"M31.3 192h257.3c17.8 0 26.7 21.5 14.1 34.1L174.1 354.8c-7.8 7.8-20.5 7.8-28.3 0L17.2 226.1C4.6 213.5 13.5 192 31.3 192z\"><\/path><\/svg><\/span>\n\t\t\t<span class='e-closed'><svg aria-hidden=\"true\" class=\"e-font-icon-svg e-fas-caret-right\" viewbox=\"0 0 192 512\" xmlns=\"http:\/\/www.w3.org\/2000\/svg\"><path d=\"M0 384.662V127.338c0-17.818 21.543-26.741 34.142-14.142l128.662 128.662c7.81 7.81 7.81 20.474 0 28.284L34.142 398.804C21.543 411.404 0 402.48 0 384.662z\"><\/path><\/svg><\/span>\n\t\t<\/span>\n\n\t\t\t\t\t\t<\/summary>\n\t\t\t\t<div role=\"region\" aria-labelledby=\"e-n-accordion-item-2410\" class=\"elementor-element elementor-element-781eee3 e-con-full e-flex e-con e-child\" data-id=\"781eee3\" data-element_type=\"container\" data-e-type=\"container\">\n\t\t<div role=\"region\" aria-labelledby=\"e-n-accordion-item-2410\" class=\"elementor-element elementor-element-9a64cc3 e-flex e-con-boxed e-con e-child\" data-id=\"9a64cc3\" data-element_type=\"container\" data-e-type=\"container\">\n\t\t\t\t\t<div class=\"e-con-inner\">\n\t\t\t\t<div class=\"elementor-element elementor-element-c084dda elementor-widget elementor-widget-text-editor\" data-id=\"c084dda\" data-element_type=\"widget\" data-e-type=\"widget\" data-widget_type=\"text-editor.default\">\n\t\t\t\t\t\t\t\t\t<ul><li>Park<\/li><li>Garden<\/li><li>Wide Area<\/li><li>Factory<\/li><\/ul>\t\t\t\t\t\t\t\t<\/div>\n\t\t\t\t\t<\/div>\n\t\t\t\t<\/div>\n\t\t\t\t<\/div>\n\t\t\t\t\t<\/details>\n\t\t\t\t\t\t<details id=\"e-n-accordion-item-2411\" class=\"e-n-accordion-item\" >\n\t\t\t\t<summary class=\"e-n-accordion-item-title\" data-accordion-index=\"2\" tabindex=\"-1\" aria-expanded=\"false\" aria-controls=\"e-n-accordion-item-2411\" >\n\t\t\t\t\t<span class='e-n-accordion-item-title-header'><div class=\"e-n-accordion-item-title-text\"> Technical Drawing <\/div><\/span>\n\t\t\t\t\t\t\t<span class='e-n-accordion-item-title-icon'>\n\t\t\t<span class='e-opened' ><svg aria-hidden=\"true\" class=\"e-font-icon-svg e-fas-caret-down\" viewbox=\"0 0 320 512\" xmlns=\"http:\/\/www.w3.org\/2000\/svg\"><path d=\"M31.3 192h257.3c17.8 0 26.7 21.5 14.1 34.1L174.1 354.8c-7.8 7.8-20.5 7.8-28.3 0L17.2 226.1C4.6 213.5 13.5 192 31.3 192z\"><\/path><\/svg><\/span>\n\t\t\t<span class='e-closed'><svg aria-hidden=\"true\" class=\"e-font-icon-svg e-fas-caret-right\" viewbox=\"0 0 192 512\" xmlns=\"http:\/\/www.w3.org\/2000\/svg\"><path d=\"M0 384.662V127.338c0-17.818 21.543-26.741 34.142-14.142l128.662 128.662c7.81 7.81 7.81 20.474 0 28.284L34.142 398.804C21.543 411.404 0 402.48 0 384.662z\"><\/path><\/svg><\/span>\n\t\t<\/span>\n\n\t\t\t\t\t\t<\/summary>\n\t\t\t\t<div role=\"region\" aria-labelledby=\"e-n-accordion-item-2411\" class=\"elementor-element elementor-element-20818a6 e-con-full e-flex e-con e-child\" data-id=\"20818a6\" data-element_type=\"container\" data-e-type=\"container\">\n\t\t<div role=\"region\" aria-labelledby=\"e-n-accordion-item-2411\" class=\"elementor-element elementor-element-4556c39 e-flex e-con-boxed e-con e-child\" data-id=\"4556c39\" data-element_type=\"container\" data-e-type=\"container\">\n\t\t\t\t\t<div class=\"e-con-inner\">\n\t\t\t\t<div class=\"elementor-element elementor-element-66132f3 elementor-widget elementor-widget-image\" data-id=\"66132f3\" data-element_type=\"widget\" data-e-type=\"widget\" data-widget_type=\"image.default\">\n\t\t\t\t\t\t\t\t\t\t\t\t\t\t\t<img loading=\"lazy\" decoding=\"async\" width=\"1571\" height=\"701\" src=\"https:\/\/blacklight.com.tr\/wp-content\/uploads\/2025\/10\/Flora_S-03.png\" class=\"attachment-full size-full wp-image-417\" alt=\"\" srcset=\"https:\/\/blacklight.com.tr\/wp-content\/uploads\/2025\/10\/Flora_S-03.png 1571w, https:\/\/blacklight.com.tr\/wp-content\/uploads\/2025\/10\/Flora_S-03-300x134.png 300w, https:\/\/blacklight.com.tr\/wp-content\/uploads\/2025\/10\/Flora_S-03-1024x457.png 1024w, https:\/\/blacklight.com.tr\/wp-content\/uploads\/2025\/10\/Flora_S-03-768x343.png 768w, https:\/\/blacklight.com.tr\/wp-content\/uploads\/2025\/10\/Flora_S-03-1536x685.png 1536w, https:\/\/blacklight.com.tr\/wp-content\/uploads\/2025\/10\/Flora_S-03-18x8.png 18w\" sizes=\"(max-width: 1571px) 100vw, 1571px\" \/>\t\t\t\t\t\t\t\t\t\t\t\t\t\t\t<\/div>\n\t\t\t\t\t<\/div>\n\t\t\t\t<\/div>\n\t\t\t\t<\/div>\n\t\t\t\t\t<\/details>\n\t\t\t\t\t\t<details id=\"e-n-accordion-item-2412\" class=\"e-n-accordion-item\" >\n\t\t\t\t<summary class=\"e-n-accordion-item-title\" data-accordion-index=\"3\" tabindex=\"-1\" aria-expanded=\"false\" aria-controls=\"e-n-accordion-item-2412\" >\n\t\t\t\t\t<span class='e-n-accordion-item-title-header'><div class=\"e-n-accordion-item-title-text\"> Datasheet <\/div><\/span>\n\t\t\t\t\t\t\t<span class='e-n-accordion-item-title-icon'>\n\t\t\t<span class='e-opened' ><svg aria-hidden=\"true\" class=\"e-font-icon-svg e-fas-caret-down\" viewbox=\"0 0 320 512\" xmlns=\"http:\/\/www.w3.org\/2000\/svg\"><path d=\"M31.3 192h257.3c17.8 0 26.7 21.5 14.1 34.1L174.1 354.8c-7.8 7.8-20.5 7.8-28.3 0L17.2 226.1C4.6 213.5 13.5 192 31.3 192z\"><\/path><\/svg><\/span>\n\t\t\t<span class='e-closed'><svg aria-hidden=\"true\" class=\"e-font-icon-svg e-fas-caret-right\" viewbox=\"0 0 192 512\" xmlns=\"http:\/\/www.w3.org\/2000\/svg\"><path d=\"M0 384.662V127.338c0-17.818 21.543-26.741 34.142-14.142l128.662 128.662c7.81 7.81 7.81 20.474 0 28.284L34.142 398.804C21.543 411.404 0 402.48 0 384.662z\"><\/path><\/svg><\/span>\n\t\t<\/span>\n\n\t\t\t\t\t\t<\/summary>\n\t\t\t\t<div role=\"region\" aria-labelledby=\"e-n-accordion-item-2412\" class=\"elementor-element elementor-element-152c17a e-con-full e-flex e-con e-child\" data-id=\"152c17a\" data-element_type=\"container\" data-e-type=\"container\">\n\t\t<div role=\"region\" aria-labelledby=\"e-n-accordion-item-2412\" class=\"elementor-element elementor-element-87f038d e-flex e-con-boxed e-con e-child\" data-id=\"87f038d\" data-element_type=\"container\" data-e-type=\"container\">\n\t\t\t\t\t<div class=\"e-con-inner\">\n\t\t\t\t<div class=\"elementor-element elementor-element-da98ae9 elementor-widget elementor-widget-image\" data-id=\"da98ae9\" data-element_type=\"widget\" data-e-type=\"widget\" data-widget_type=\"image.default\">\n\t\t\t\t\t\t\t\t\t\t\t\t\t\t\t<img loading=\"lazy\" decoding=\"async\" width=\"2160\" height=\"463\" src=\"https:\/\/blacklight.com.tr\/wp-content\/uploads\/2025\/10\/Flora_S-04.png\" class=\"attachment-full size-full wp-image-418\" alt=\"\" srcset=\"https:\/\/blacklight.com.tr\/wp-content\/uploads\/2025\/10\/Flora_S-04.png 2160w, https:\/\/blacklight.com.tr\/wp-content\/uploads\/2025\/10\/Flora_S-04-300x64.png 300w, https:\/\/blacklight.com.tr\/wp-content\/uploads\/2025\/10\/Flora_S-04-1024x219.png 1024w, https:\/\/blacklight.com.tr\/wp-content\/uploads\/2025\/10\/Flora_S-04-768x165.png 768w, https:\/\/blacklight.com.tr\/wp-content\/uploads\/2025\/10\/Flora_S-04-1536x329.png 1536w, https:\/\/blacklight.com.tr\/wp-content\/uploads\/2025\/10\/Flora_S-04-2048x439.png 2048w, https:\/\/blacklight.com.tr\/wp-content\/uploads\/2025\/10\/Flora_S-04-18x4.png 18w\" sizes=\"(max-width: 2160px) 100vw, 2160px\" \/>\t\t\t\t\t\t\t\t\t\t\t\t\t\t\t<\/div>\n\t\t\t\t\t<\/div>\n\t\t\t\t<\/div>\n\t\t\t\t<\/div>\n\t\t\t\t\t<\/details>\n\t\t\t\t\t<\/div>\n\t\t\t\t\t\t<\/div>\n\t\t\t\t\t<\/div>\n\t\t\t\t<\/div>\n\t\t<div class=\"elementor-element elementor-element-fded2c5 e-flex e-con-boxed e-con e-parent\" data-id=\"fded2c5\" data-element_type=\"container\" data-e-type=\"container\">\n\t\t\t\t\t<div class=\"e-con-inner\">\n\t\t\t\t<div class=\"elementor-element elementor-element-1abf619 elementor-widget elementor-widget-spacer\" data-id=\"1abf619\" data-element_type=\"widget\" data-e-type=\"widget\" data-widget_type=\"spacer.default\">\n\t\t\t\t\t\t\t<div class=\"elementor-spacer\">\n\t\t\t<div class=\"elementor-spacer-inner\"><\/div>\n\t\t<\/div>\n\t\t\t\t\t\t<\/div>\n\t\t\t\t\t<\/div>\n\t\t\t\t<\/div>\n\t\t\t\t<\/div>","protected":false},"excerpt":{"rendered":"<p>Flora &#8211; S Teknik \u00d6zellikler G\u00d6VDE Elektrostatik Toz Boyal\u0131 Al\u00fcminyum Enjeksiyon G\u00f6vde D\u0130F\u00dcZ\u00d6R 4 mm Y\u00fcksek Ge\u00e7irgenlikli Temperli Cam\u00a0 OPT\u0130K Y\u00fcksek Verimli Blok Lens I\u015eIK KAYNA\u011eI Mid Power Led CRI \u226570 IG\u0130R\u0130\u015e GER\u0130L\u0130M\u0130 100-265 VAC 50-60HZ P SINIFI IP 66 IK DERECES\u0130 IK 08-10 G\u00d6VDE RENK KODU 7047 GARANT\u0130 S\u00dcRES\u0130 2 Y\u0131l \u00c7ALI\u015eMA SICAKLI\u011eI -25&#8230;<\/p>","protected":false},"author":1,"featured_media":0,"parent":0,"menu_order":0,"comment_status":"closed","ping_status":"closed","template":"","meta":{"_kad_post_transparent":"default","_kad_post_title":"hide","_kad_post_layout":"fullwidth","_kad_post_sidebar_id":"","_kad_post_content_style":"unboxed","_kad_post_vertical_padding":"hide","_kad_post_feature":"hide","_kad_post_feature_position":"","_kad_post_header":false,"_kad_post_footer":false,"_kad_post_classname":"","footnotes":""},"class_list":["post-409","page","type-page","status-publish","hentry"],"_links":{"self":[{"href":"https:\/\/blacklight.com.tr\/en\/wp-json\/wp\/v2\/pages\/409","targetHints":{"allow":["GET"]}}],"collection":[{"href":"https:\/\/blacklight.com.tr\/en\/wp-json\/wp\/v2\/pages"}],"about":[{"href":"https:\/\/blacklight.com.tr\/en\/wp-json\/wp\/v2\/types\/page"}],"author":[{"embeddable":true,"href":"https:\/\/blacklight.com.tr\/en\/wp-json\/wp\/v2\/users\/1"}],"replies":[{"embeddable":true,"href":"https:\/\/blacklight.com.tr\/en\/wp-json\/wp\/v2\/comments?post=409"}],"version-history":[{"count":7,"href":"https:\/\/blacklight.com.tr\/en\/wp-json\/wp\/v2\/pages\/409\/revisions"}],"predecessor-version":[{"id":432,"href":"https:\/\/blacklight.com.tr\/en\/wp-json\/wp\/v2\/pages\/409\/revisions\/432"}],"wp:attachment":[{"href":"https:\/\/blacklight.com.tr\/en\/wp-json\/wp\/v2\/media?parent=409"}],"curies":[{"name":"wp","href":"https:\/\/api.w.org\/{rel}","templated":true}]}}