{"id":40,"date":"2025-10-14T18:28:10","date_gmt":"2025-10-14T18:28:10","guid":{"rendered":"https:\/\/blacklight.com.tr\/?page_id=40"},"modified":"2026-02-12T15:40:07","modified_gmt":"2026-02-12T15:40:07","slug":"vesta-2","status":"publish","type":"page","link":"https:\/\/blacklight.com.tr\/en\/vesta-2\/","title":{"rendered":"Vesta"},"content":{"rendered":"<div data-elementor-type=\"wp-page\" data-elementor-id=\"40\" class=\"elementor elementor-40\">\n\t\t\t\t<div class=\"elementor-element elementor-element-f8369c2 e-flex e-con-boxed e-con e-parent\" data-id=\"f8369c2\" data-element_type=\"container\" data-e-type=\"container\" data-settings=\"{&quot;background_background&quot;:&quot;classic&quot;}\">\n\t\t\t\t\t<div class=\"e-con-inner\">\n\t\t<div class=\"elementor-element elementor-element-5fd79b2 e-con-full e-flex e-con e-child\" data-id=\"5fd79b2\" data-element_type=\"container\" data-e-type=\"container\">\n\t\t\t\t<div class=\"elementor-element elementor-element-f6436da elementor-widget__width-initial elementor-widget elementor-widget-heading\" data-id=\"f6436da\" data-element_type=\"widget\" data-e-type=\"widget\" data-widget_type=\"heading.default\">\n\t\t\t\t\t<h2 class=\"elementor-heading-title elementor-size-default\">Vesta<\/h2>\t\t\t\t<\/div>\n\t\t\t\t<\/div>\n\t\t<div class=\"elementor-element elementor-element-121bacf e-con-full e-flex e-con e-child\" data-id=\"121bacf\" data-element_type=\"container\" data-e-type=\"container\">\n\t\t\t\t<div class=\"elementor-element elementor-element-f89a9a6 elementor-widget elementor-widget-image\" data-id=\"f89a9a6\" data-element_type=\"widget\" data-e-type=\"widget\" data-widget_type=\"image.default\">\n\t\t\t\t\t\t\t\t\t\t\t\t\t\t\t<img fetchpriority=\"high\" decoding=\"async\" width=\"1024\" height=\"110\" src=\"https:\/\/blacklight.com.tr\/wp-content\/uploads\/2025\/10\/TSE-Rohs-01-1024x110.png\" class=\"attachment-large size-large wp-image-43\" alt=\"\" srcset=\"https:\/\/blacklight.com.tr\/wp-content\/uploads\/2025\/10\/TSE-Rohs-01-1024x110.png 1024w, https:\/\/blacklight.com.tr\/wp-content\/uploads\/2025\/10\/TSE-Rohs-01-300x32.png 300w, https:\/\/blacklight.com.tr\/wp-content\/uploads\/2025\/10\/TSE-Rohs-01-768x83.png 768w, https:\/\/blacklight.com.tr\/wp-content\/uploads\/2025\/10\/TSE-Rohs-01-1536x166.png 1536w, https:\/\/blacklight.com.tr\/wp-content\/uploads\/2025\/10\/TSE-Rohs-01-2048x221.png 2048w, https:\/\/blacklight.com.tr\/wp-content\/uploads\/2025\/10\/TSE-Rohs-01-18x2.png 18w\" sizes=\"(max-width: 1024px) 100vw, 1024px\" \/>\t\t\t\t\t\t\t\t\t\t\t\t\t\t\t<\/div>\n\t\t\t\t<\/div>\n\t\t\t\t\t<\/div>\n\t\t\t\t<\/div>\n\t\t<div class=\"elementor-element elementor-element-4fb1c71 e-flex e-con-boxed e-con e-parent\" data-id=\"4fb1c71\" data-element_type=\"container\" data-e-type=\"container\">\n\t\t\t\t\t<div class=\"e-con-inner\">\n\t\t<div class=\"elementor-element elementor-element-c8beebe e-con-full e-flex e-con e-child\" data-id=\"c8beebe\" data-element_type=\"container\" data-e-type=\"container\">\n\t\t\t\t<div class=\"elementor-element elementor-element-c931229 elementor-widget elementor-widget-image\" data-id=\"c931229\" data-element_type=\"widget\" data-e-type=\"widget\" data-widget_type=\"image.default\">\n\t\t\t\t\t\t\t\t\t\t\t\t\t\t\t<img decoding=\"async\" width=\"1024\" height=\"1024\" src=\"https:\/\/blacklight.com.tr\/wp-content\/uploads\/2026\/02\/Vesta_11-02-1024x1024.jpg\" class=\"attachment-large size-large wp-image-2531\" alt=\"\" srcset=\"https:\/\/blacklight.com.tr\/wp-content\/uploads\/2026\/02\/Vesta_11-02-1024x1024.jpg 1024w, https:\/\/blacklight.com.tr\/wp-content\/uploads\/2026\/02\/Vesta_11-02-300x300.jpg 300w, https:\/\/blacklight.com.tr\/wp-content\/uploads\/2026\/02\/Vesta_11-02-150x150.jpg 150w, https:\/\/blacklight.com.tr\/wp-content\/uploads\/2026\/02\/Vesta_11-02-768x768.jpg 768w, https:\/\/blacklight.com.tr\/wp-content\/uploads\/2026\/02\/Vesta_11-02-12x12.jpg 12w, https:\/\/blacklight.com.tr\/wp-content\/uploads\/2026\/02\/Vesta_11-02.jpg 1250w\" sizes=\"(max-width: 1024px) 100vw, 1024px\" \/>\t\t\t\t\t\t\t\t\t\t\t\t\t\t\t<\/div>\n\t\t\t\t<\/div>\n\t\t<div class=\"elementor-element elementor-element-df58b8b e-con-full e-flex e-con e-child\" data-id=\"df58b8b\" data-element_type=\"container\" data-e-type=\"container\">\n\t\t\t\t<div class=\"elementor-element elementor-element-1461822 elementor-widget elementor-widget-heading\" data-id=\"1461822\" data-element_type=\"widget\" data-e-type=\"widget\" data-widget_type=\"heading.default\">\n\t\t\t\t\t<h2 class=\"elementor-heading-title elementor-size-default\">Technical Specifications<\/h2>\t\t\t\t<\/div>\n\t\t\t\t<div class=\"elementor-element elementor-element-5a6fd1c elementor-widget-divider--view-line elementor-widget elementor-widget-divider\" data-id=\"5a6fd1c\" data-element_type=\"widget\" data-e-type=\"widget\" data-widget_type=\"divider.default\">\n\t\t\t\t\t\t\t<div class=\"elementor-divider\">\n\t\t\t<span class=\"elementor-divider-separator\">\n\t\t\t\t\t\t<\/span>\n\t\t<\/div>\n\t\t\t\t\t\t<\/div>\n\t\t\t\t<div class=\"elementor-element elementor-element-931a647 elementor-widget elementor-widget-text-editor\" data-id=\"931a647\" data-element_type=\"widget\" data-e-type=\"widget\" data-widget_type=\"text-editor.default\">\n\t\t\t\t\t\t\t\t\t<table width=\"522\"><tbody><tr><td><p><strong>BODY<\/strong><\/p><\/td><td><p>Electrostatic Powder Coated Aluminum Extrusion Body<\/p><\/td><\/tr><tr><td><p><strong>OPTICAL<\/strong><\/p><\/td><td><p>High Efficiency Block Lens<\/p><\/td><\/tr><tr><td><p><strong>LIGHT SOURCE<\/strong><\/p><\/td><td><p>Mid Power Led<\/p><\/td><\/tr><tr><td><p><strong>CRI<\/strong><\/p><\/td><td><p>\u226570<\/p><\/td><\/tr><tr><td><p><strong>INPUT VOLTAGE<\/strong><\/p><\/td><td><p>220-240 VAC 50-60HZ<\/p><\/td><\/tr><tr><td><p><strong>IP CLASS<\/strong><\/p><\/td><td><p>IP 65<\/p><\/td><\/tr><tr><td><p><strong>IK RAITING<\/strong><\/p><\/td><td><p>IK 06-10<\/p><\/td><\/tr><tr><td><p><strong>RAL CODE<\/strong><\/p><\/td><td><p>9016<\/p><\/td><\/tr><tr><td><p><strong>WARRANTY TIME<\/strong><\/p><\/td><td><p>5 Years<\/p><\/td><\/tr><tr><td><p><strong>OPERATING TEMP.<\/strong><\/p><\/td><td><p>-25 \u00b0C ~ +55 \u00b0C<\/p><\/td><\/tr><tr><td><p><strong>SURGE PROTECTION<\/strong><\/p><\/td><td><p>2\/4 kV L-N 2\/4 kV L\/N-PE<\/p><\/td><\/tr><tr><td><p><strong>LED LIFETIME<\/strong><\/p><\/td><td><p>L70&gt;100.000 Hours<\/p><\/td><\/tr><\/tbody><\/table>\t\t\t\t\t\t\t\t<\/div>\n\t\t\t\t<\/div>\n\t\t\t\t\t<\/div>\n\t\t\t\t<\/div>\n\t\t<div class=\"elementor-element elementor-element-23618cf e-flex e-con-boxed e-con e-parent\" data-id=\"23618cf\" data-element_type=\"container\" data-e-type=\"container\">\n\t\t\t\t\t<div class=\"e-con-inner\">\n\t\t<div class=\"elementor-element elementor-element-c4aebdc e-con-full e-flex e-con e-child\" data-id=\"c4aebdc\" data-element_type=\"container\" data-e-type=\"container\">\n\t\t<div class=\"elementor-element elementor-element-6aa7bc1 e-con-full e-flex e-con e-child\" data-id=\"6aa7bc1\" data-element_type=\"container\" data-e-type=\"container\">\n\t\t\t\t<div class=\"elementor-element elementor-element-9189a25 elementor-widget elementor-widget-image\" data-id=\"9189a25\" data-element_type=\"widget\" data-e-type=\"widget\" data-widget_type=\"image.default\">\n\t\t\t\t\t\t\t\t\t\t\t\t\t\t\t<img decoding=\"async\" width=\"1024\" height=\"185\" src=\"https:\/\/blacklight.com.tr\/wp-content\/uploads\/2025\/10\/5_IP_65-01-1024x185.png\" class=\"attachment-large size-large wp-image-128\" alt=\"\" srcset=\"https:\/\/blacklight.com.tr\/wp-content\/uploads\/2025\/10\/5_IP_65-01-1024x185.png 1024w, https:\/\/blacklight.com.tr\/wp-content\/uploads\/2025\/10\/5_IP_65-01-300x54.png 300w, https:\/\/blacklight.com.tr\/wp-content\/uploads\/2025\/10\/5_IP_65-01-768x139.png 768w, https:\/\/blacklight.com.tr\/wp-content\/uploads\/2025\/10\/5_IP_65-01-1536x278.png 1536w, https:\/\/blacklight.com.tr\/wp-content\/uploads\/2025\/10\/5_IP_65-01-18x3.png 18w, https:\/\/blacklight.com.tr\/wp-content\/uploads\/2025\/10\/5_IP_65-01.png 1612w\" sizes=\"(max-width: 1024px) 100vw, 1024px\" \/>\t\t\t\t\t\t\t\t\t\t\t\t\t\t\t<\/div>\n\t\t\t\t<\/div>\n\t\t<div class=\"elementor-element elementor-element-fbcaa52 e-con-full e-flex e-con e-child\" data-id=\"fbcaa52\" data-element_type=\"container\" data-e-type=\"container\">\n\t\t\t\t<div class=\"elementor-element elementor-element-56f88e7 elementor-align-right elementor-widget elementor-widget-button\" data-id=\"56f88e7\" data-element_type=\"widget\" data-e-type=\"widget\" data-widget_type=\"button.default\">\n\t\t\t\t\t\t\t\t\t\t<a class=\"elementor-button elementor-button-link elementor-size-sm\" href=\"https:\/\/blacklight.com.tr\/wp-content\/uploads\/2026\/02\/Vesta_1.pdf\" target=\"_blank\">\n\t\t\t\t\t\t<span class=\"elementor-button-content-wrapper\">\n\t\t\t\t\t\t\t\t\t<span class=\"elementor-button-text\">View\/Download Product Catalog<\/span>\n\t\t\t\t\t<\/span>\n\t\t\t\t\t<\/a>\n\t\t\t\t\t\t\t\t<\/div>\n\t\t\t\t<\/div>\n\t\t\t\t<\/div>\n\t\t\t\t\t<\/div>\n\t\t\t\t<\/div>\n\t\t<div class=\"elementor-element elementor-element-a7d3bd7 e-flex e-con-boxed e-con e-parent\" data-id=\"a7d3bd7\" data-element_type=\"container\" data-e-type=\"container\">\n\t\t\t\t\t<div class=\"e-con-inner\">\n\t\t\t\t<div class=\"elementor-element elementor-element-e6c0894 elementor-widget elementor-widget-n-accordion\" data-id=\"e6c0894\" data-element_type=\"widget\" data-e-type=\"widget\" data-settings=\"{&quot;default_state&quot;:&quot;expanded&quot;,&quot;max_items_expended&quot;:&quot;one&quot;,&quot;n_accordion_animation_duration&quot;:{&quot;unit&quot;:&quot;ms&quot;,&quot;size&quot;:400,&quot;sizes&quot;:[]}}\" data-widget_type=\"nested-accordion.default\">\n\t\t\t\t\t\t\t<div class=\"e-n-accordion\" aria-label=\"Accordion. Open links with Enter or Space, close with Escape, and navigate with Arrow Keys\">\n\t\t\t\t\t\t<details id=\"e-n-accordion-item-2410\" class=\"e-n-accordion-item\" open>\n\t\t\t\t<summary class=\"e-n-accordion-item-title\" data-accordion-index=\"1\" tabindex=\"0\" aria-expanded=\"true\" aria-controls=\"e-n-accordion-item-2410\" >\n\t\t\t\t\t<span class='e-n-accordion-item-title-header'><div class=\"e-n-accordion-item-title-text\"> Areas of Use <\/div><\/span>\n\t\t\t\t\t\t\t<span class='e-n-accordion-item-title-icon'>\n\t\t\t<span class='e-opened' ><svg aria-hidden=\"true\" class=\"e-font-icon-svg e-fas-caret-down\" viewbox=\"0 0 320 512\" xmlns=\"http:\/\/www.w3.org\/2000\/svg\"><path d=\"M31.3 192h257.3c17.8 0 26.7 21.5 14.1 34.1L174.1 354.8c-7.8 7.8-20.5 7.8-28.3 0L17.2 226.1C4.6 213.5 13.5 192 31.3 192z\"><\/path><\/svg><\/span>\n\t\t\t<span class='e-closed'><svg aria-hidden=\"true\" class=\"e-font-icon-svg e-fas-caret-right\" viewbox=\"0 0 192 512\" xmlns=\"http:\/\/www.w3.org\/2000\/svg\"><path d=\"M0 384.662V127.338c0-17.818 21.543-26.741 34.142-14.142l128.662 128.662c7.81 7.81 7.81 20.474 0 28.284L34.142 398.804C21.543 411.404 0 402.48 0 384.662z\"><\/path><\/svg><\/span>\n\t\t<\/span>\n\n\t\t\t\t\t\t<\/summary>\n\t\t\t\t<div role=\"region\" aria-labelledby=\"e-n-accordion-item-2410\" class=\"elementor-element elementor-element-781eee3 e-con-full e-flex e-con e-child\" data-id=\"781eee3\" data-element_type=\"container\" data-e-type=\"container\">\n\t\t<div role=\"region\" aria-labelledby=\"e-n-accordion-item-2410\" class=\"elementor-element elementor-element-9a64cc3 e-flex e-con-boxed e-con e-child\" data-id=\"9a64cc3\" data-element_type=\"container\" data-e-type=\"container\">\n\t\t\t\t\t<div class=\"e-con-inner\">\n\t\t\t\t<div class=\"elementor-element elementor-element-c084dda elementor-widget elementor-widget-text-editor\" data-id=\"c084dda\" data-element_type=\"widget\" data-e-type=\"widget\" data-widget_type=\"text-editor.default\">\n\t\t\t\t\t\t\t\t\t<ul><li>Factory<\/li><li>Industrial Facilities<\/li><li>Storage Areas<\/li><li>Shelf Areas<\/li><\/ul>\t\t\t\t\t\t\t\t<\/div>\n\t\t\t\t\t<\/div>\n\t\t\t\t<\/div>\n\t\t\t\t<\/div>\n\t\t\t\t\t<\/details>\n\t\t\t\t\t\t<details id=\"e-n-accordion-item-2411\" class=\"e-n-accordion-item\" >\n\t\t\t\t<summary class=\"e-n-accordion-item-title\" data-accordion-index=\"2\" tabindex=\"-1\" aria-expanded=\"false\" aria-controls=\"e-n-accordion-item-2411\" >\n\t\t\t\t\t<span class='e-n-accordion-item-title-header'><div class=\"e-n-accordion-item-title-text\"> Additional Features <\/div><\/span>\n\t\t\t\t\t\t\t<span class='e-n-accordion-item-title-icon'>\n\t\t\t<span class='e-opened' ><svg aria-hidden=\"true\" class=\"e-font-icon-svg e-fas-caret-down\" viewbox=\"0 0 320 512\" xmlns=\"http:\/\/www.w3.org\/2000\/svg\"><path d=\"M31.3 192h257.3c17.8 0 26.7 21.5 14.1 34.1L174.1 354.8c-7.8 7.8-20.5 7.8-28.3 0L17.2 226.1C4.6 213.5 13.5 192 31.3 192z\"><\/path><\/svg><\/span>\n\t\t\t<span class='e-closed'><svg aria-hidden=\"true\" class=\"e-font-icon-svg e-fas-caret-right\" viewbox=\"0 0 192 512\" xmlns=\"http:\/\/www.w3.org\/2000\/svg\"><path d=\"M0 384.662V127.338c0-17.818 21.543-26.741 34.142-14.142l128.662 128.662c7.81 7.81 7.81 20.474 0 28.284L34.142 398.804C21.543 411.404 0 402.48 0 384.662z\"><\/path><\/svg><\/span>\n\t\t<\/span>\n\n\t\t\t\t\t\t<\/summary>\n\t\t\t\t<div role=\"region\" aria-labelledby=\"e-n-accordion-item-2411\" class=\"elementor-element elementor-element-5d7f02c e-con-full e-flex e-con e-child\" data-id=\"5d7f02c\" data-element_type=\"container\" data-e-type=\"container\">\n\t\t<div role=\"region\" aria-labelledby=\"e-n-accordion-item-2411\" class=\"elementor-element elementor-element-e35b38b e-flex e-con-boxed e-con e-child\" data-id=\"e35b38b\" data-element_type=\"container\" data-e-type=\"container\">\n\t\t\t\t\t<div class=\"e-con-inner\">\n\t\t\t\t<div class=\"elementor-element elementor-element-b74992b elementor-widget elementor-widget-text-editor\" data-id=\"b74992b\" data-element_type=\"widget\" data-e-type=\"widget\" data-widget_type=\"text-editor.default\">\n\t\t\t\t\t\t\t\t\t<ul><li>DALI Compliance<\/li><li>Can Be Dimmed 1-10 V<\/li><li>Emergency Lighting Kit\u00a0<\/li><li>Ral Options<br \/>RAL 9006<br \/>RAL 9010<br \/>RAL 9016<\/li><\/ul>\t\t\t\t\t\t\t\t<\/div>\n\t\t\t\t\t<\/div>\n\t\t\t\t<\/div>\n\t\t\t\t<\/div>\n\t\t\t\t\t<\/details>\n\t\t\t\t\t\t<details id=\"e-n-accordion-item-2412\" class=\"e-n-accordion-item\" >\n\t\t\t\t<summary class=\"e-n-accordion-item-title\" data-accordion-index=\"3\" tabindex=\"-1\" aria-expanded=\"false\" aria-controls=\"e-n-accordion-item-2412\" >\n\t\t\t\t\t<span class='e-n-accordion-item-title-header'><div class=\"e-n-accordion-item-title-text\"> Technical Drawing <\/div><\/span>\n\t\t\t\t\t\t\t<span class='e-n-accordion-item-title-icon'>\n\t\t\t<span class='e-opened' ><svg aria-hidden=\"true\" class=\"e-font-icon-svg e-fas-caret-down\" viewbox=\"0 0 320 512\" xmlns=\"http:\/\/www.w3.org\/2000\/svg\"><path d=\"M31.3 192h257.3c17.8 0 26.7 21.5 14.1 34.1L174.1 354.8c-7.8 7.8-20.5 7.8-28.3 0L17.2 226.1C4.6 213.5 13.5 192 31.3 192z\"><\/path><\/svg><\/span>\n\t\t\t<span class='e-closed'><svg aria-hidden=\"true\" class=\"e-font-icon-svg e-fas-caret-right\" viewbox=\"0 0 192 512\" xmlns=\"http:\/\/www.w3.org\/2000\/svg\"><path d=\"M0 384.662V127.338c0-17.818 21.543-26.741 34.142-14.142l128.662 128.662c7.81 7.81 7.81 20.474 0 28.284L34.142 398.804C21.543 411.404 0 402.48 0 384.662z\"><\/path><\/svg><\/span>\n\t\t<\/span>\n\n\t\t\t\t\t\t<\/summary>\n\t\t\t\t<div role=\"region\" aria-labelledby=\"e-n-accordion-item-2412\" class=\"elementor-element elementor-element-20818a6 e-con-full e-flex e-con e-child\" data-id=\"20818a6\" data-element_type=\"container\" data-e-type=\"container\">\n\t\t<div role=\"region\" aria-labelledby=\"e-n-accordion-item-2412\" class=\"elementor-element elementor-element-4556c39 e-flex e-con-boxed e-con e-child\" data-id=\"4556c39\" data-element_type=\"container\" data-e-type=\"container\">\n\t\t\t\t\t<div class=\"e-con-inner\">\n\t\t\t\t<div class=\"elementor-element elementor-element-66132f3 elementor-widget elementor-widget-image\" data-id=\"66132f3\" data-element_type=\"widget\" data-e-type=\"widget\" data-widget_type=\"image.default\">\n\t\t\t\t\t\t\t\t\t\t\t\t\t\t\t<img loading=\"lazy\" decoding=\"async\" width=\"818\" height=\"515\" src=\"https:\/\/blacklight.com.tr\/wp-content\/uploads\/2025\/10\/Vesta-Teknik-Cizim.png\" class=\"attachment-full size-full wp-image-31\" alt=\"\" srcset=\"https:\/\/blacklight.com.tr\/wp-content\/uploads\/2025\/10\/Vesta-Teknik-Cizim.png 818w, https:\/\/blacklight.com.tr\/wp-content\/uploads\/2025\/10\/Vesta-Teknik-Cizim-300x189.png 300w, https:\/\/blacklight.com.tr\/wp-content\/uploads\/2025\/10\/Vesta-Teknik-Cizim-768x484.png 768w, https:\/\/blacklight.com.tr\/wp-content\/uploads\/2025\/10\/Vesta-Teknik-Cizim-18x12.png 18w\" sizes=\"(max-width: 818px) 100vw, 818px\" \/>\t\t\t\t\t\t\t\t\t\t\t\t\t\t\t<\/div>\n\t\t\t\t\t<\/div>\n\t\t\t\t<\/div>\n\t\t\t\t<\/div>\n\t\t\t\t\t<\/details>\n\t\t\t\t\t\t<details id=\"e-n-accordion-item-2413\" class=\"e-n-accordion-item\" >\n\t\t\t\t<summary class=\"e-n-accordion-item-title\" data-accordion-index=\"4\" tabindex=\"-1\" aria-expanded=\"false\" aria-controls=\"e-n-accordion-item-2413\" >\n\t\t\t\t\t<span class='e-n-accordion-item-title-header'><div class=\"e-n-accordion-item-title-text\"> Photometric Data <\/div><\/span>\n\t\t\t\t\t\t\t<span class='e-n-accordion-item-title-icon'>\n\t\t\t<span class='e-opened' ><svg aria-hidden=\"true\" class=\"e-font-icon-svg e-fas-caret-down\" viewbox=\"0 0 320 512\" xmlns=\"http:\/\/www.w3.org\/2000\/svg\"><path d=\"M31.3 192h257.3c17.8 0 26.7 21.5 14.1 34.1L174.1 354.8c-7.8 7.8-20.5 7.8-28.3 0L17.2 226.1C4.6 213.5 13.5 192 31.3 192z\"><\/path><\/svg><\/span>\n\t\t\t<span class='e-closed'><svg aria-hidden=\"true\" class=\"e-font-icon-svg e-fas-caret-right\" viewbox=\"0 0 192 512\" xmlns=\"http:\/\/www.w3.org\/2000\/svg\"><path d=\"M0 384.662V127.338c0-17.818 21.543-26.741 34.142-14.142l128.662 128.662c7.81 7.81 7.81 20.474 0 28.284L34.142 398.804C21.543 411.404 0 402.48 0 384.662z\"><\/path><\/svg><\/span>\n\t\t<\/span>\n\n\t\t\t\t\t\t<\/summary>\n\t\t\t\t<div role=\"region\" aria-labelledby=\"e-n-accordion-item-2413\" class=\"elementor-element elementor-element-ddb318c e-con-full e-flex e-con e-child\" data-id=\"ddb318c\" data-element_type=\"container\" data-e-type=\"container\">\n\t\t<div role=\"region\" aria-labelledby=\"e-n-accordion-item-2413\" class=\"elementor-element elementor-element-8839658 e-flex e-con-boxed e-con e-child\" data-id=\"8839658\" data-element_type=\"container\" data-e-type=\"container\">\n\t\t\t\t\t<div class=\"e-con-inner\">\n\t\t\t\t<div class=\"elementor-element elementor-element-cf0b413 elementor-widget elementor-widget-image\" data-id=\"cf0b413\" data-element_type=\"widget\" data-e-type=\"widget\" data-widget_type=\"image.default\">\n\t\t\t\t\t\t\t\t\t\t\t\t\t\t\t<img loading=\"lazy\" decoding=\"async\" width=\"2037\" height=\"469\" src=\"https:\/\/blacklight.com.tr\/wp-content\/uploads\/2025\/10\/Vesta_Fotometri.png\" class=\"attachment-full size-full wp-image-34\" alt=\"\" srcset=\"https:\/\/blacklight.com.tr\/wp-content\/uploads\/2025\/10\/Vesta_Fotometri.png 2037w, https:\/\/blacklight.com.tr\/wp-content\/uploads\/2025\/10\/Vesta_Fotometri-300x69.png 300w, https:\/\/blacklight.com.tr\/wp-content\/uploads\/2025\/10\/Vesta_Fotometri-1024x236.png 1024w, https:\/\/blacklight.com.tr\/wp-content\/uploads\/2025\/10\/Vesta_Fotometri-768x177.png 768w, https:\/\/blacklight.com.tr\/wp-content\/uploads\/2025\/10\/Vesta_Fotometri-1536x354.png 1536w, https:\/\/blacklight.com.tr\/wp-content\/uploads\/2025\/10\/Vesta_Fotometri-18x4.png 18w\" sizes=\"(max-width: 2037px) 100vw, 2037px\" \/>\t\t\t\t\t\t\t\t\t\t\t\t\t\t\t<\/div>\n\t\t\t\t\t<\/div>\n\t\t\t\t<\/div>\n\t\t\t\t<\/div>\n\t\t\t\t\t<\/details>\n\t\t\t\t\t\t<details id=\"e-n-accordion-item-2414\" class=\"e-n-accordion-item\" >\n\t\t\t\t<summary class=\"e-n-accordion-item-title\" data-accordion-index=\"5\" tabindex=\"-1\" aria-expanded=\"false\" aria-controls=\"e-n-accordion-item-2414\" >\n\t\t\t\t\t<span class='e-n-accordion-item-title-header'><div class=\"e-n-accordion-item-title-text\"> Datasheet <\/div><\/span>\n\t\t\t\t\t\t\t<span class='e-n-accordion-item-title-icon'>\n\t\t\t<span class='e-opened' ><svg aria-hidden=\"true\" class=\"e-font-icon-svg e-fas-caret-down\" viewbox=\"0 0 320 512\" xmlns=\"http:\/\/www.w3.org\/2000\/svg\"><path d=\"M31.3 192h257.3c17.8 0 26.7 21.5 14.1 34.1L174.1 354.8c-7.8 7.8-20.5 7.8-28.3 0L17.2 226.1C4.6 213.5 13.5 192 31.3 192z\"><\/path><\/svg><\/span>\n\t\t\t<span class='e-closed'><svg aria-hidden=\"true\" class=\"e-font-icon-svg e-fas-caret-right\" viewbox=\"0 0 192 512\" xmlns=\"http:\/\/www.w3.org\/2000\/svg\"><path d=\"M0 384.662V127.338c0-17.818 21.543-26.741 34.142-14.142l128.662 128.662c7.81 7.81 7.81 20.474 0 28.284L34.142 398.804C21.543 411.404 0 402.48 0 384.662z\"><\/path><\/svg><\/span>\n\t\t<\/span>\n\n\t\t\t\t\t\t<\/summary>\n\t\t\t\t<div role=\"region\" aria-labelledby=\"e-n-accordion-item-2414\" class=\"elementor-element elementor-element-152c17a e-con-full e-flex e-con e-child\" data-id=\"152c17a\" data-element_type=\"container\" data-e-type=\"container\">\n\t\t<div role=\"region\" aria-labelledby=\"e-n-accordion-item-2414\" class=\"elementor-element elementor-element-87f038d e-flex e-con-boxed e-con e-child\" data-id=\"87f038d\" data-element_type=\"container\" data-e-type=\"container\">\n\t\t\t\t\t<div class=\"e-con-inner\">\n\t\t\t\t<div class=\"elementor-element elementor-element-da98ae9 elementor-widget elementor-widget-image\" data-id=\"da98ae9\" data-element_type=\"widget\" data-e-type=\"widget\" data-widget_type=\"image.default\">\n\t\t\t\t\t\t\t\t\t\t\t\t\t\t\t<img loading=\"lazy\" decoding=\"async\" width=\"2107\" height=\"1067\" src=\"https:\/\/blacklight.com.tr\/wp-content\/uploads\/2025\/10\/Vesta-Data.png\" class=\"attachment-full size-full wp-image-36\" alt=\"\" srcset=\"https:\/\/blacklight.com.tr\/wp-content\/uploads\/2025\/10\/Vesta-Data.png 2107w, https:\/\/blacklight.com.tr\/wp-content\/uploads\/2025\/10\/Vesta-Data-300x152.png 300w, https:\/\/blacklight.com.tr\/wp-content\/uploads\/2025\/10\/Vesta-Data-1024x519.png 1024w, https:\/\/blacklight.com.tr\/wp-content\/uploads\/2025\/10\/Vesta-Data-768x389.png 768w, https:\/\/blacklight.com.tr\/wp-content\/uploads\/2025\/10\/Vesta-Data-1536x778.png 1536w, https:\/\/blacklight.com.tr\/wp-content\/uploads\/2025\/10\/Vesta-Data-2048x1037.png 2048w, https:\/\/blacklight.com.tr\/wp-content\/uploads\/2025\/10\/Vesta-Data-18x9.png 18w\" sizes=\"(max-width: 2107px) 100vw, 2107px\" \/>\t\t\t\t\t\t\t\t\t\t\t\t\t\t\t<\/div>\n\t\t\t\t\t<\/div>\n\t\t\t\t<\/div>\n\t\t\t\t<\/div>\n\t\t\t\t\t<\/details>\n\t\t\t\t\t<\/div>\n\t\t\t\t\t\t<\/div>\n\t\t\t\t\t<\/div>\n\t\t\t\t<\/div>\n\t\t<div class=\"elementor-element elementor-element-fded2c5 e-flex e-con-boxed e-con e-parent\" data-id=\"fded2c5\" data-element_type=\"container\" data-e-type=\"container\">\n\t\t\t\t\t<div class=\"e-con-inner\">\n\t\t\t\t<div class=\"elementor-element elementor-element-1abf619 elementor-widget elementor-widget-spacer\" data-id=\"1abf619\" data-element_type=\"widget\" data-e-type=\"widget\" data-widget_type=\"spacer.default\">\n\t\t\t\t\t\t\t<div class=\"elementor-spacer\">\n\t\t\t<div class=\"elementor-spacer-inner\"><\/div>\n\t\t<\/div>\n\t\t\t\t\t\t<\/div>\n\t\t\t\t\t<\/div>\n\t\t\t\t<\/div>\n\t\t\t\t<\/div>","protected":false},"excerpt":{"rendered":"<p>Vesta Teknik \u00d6zellikler G\u00d6VDE Elektrostatik Toz Boyal\u0131 Al\u00fcminyum Ekstr\u00fczyon G\u00f6vde OPT\u0130K Y\u00fcksek Verimli Blok Lens I\u015eIK KAYNA\u011eI Mid Power Led CRI \u226570 G\u0130R\u0130\u015e GER\u0130L\u0130M\u0130 220-240 VAC 50-60HZ IP SINIFI IP 65 IK DERECES\u0130 IK 06-10 G\u00d6VDE RENK KODU 9016 GARANT\u0130 S\u00dcRES\u0130 5 Y\u0131l \u00c7ALI\u015eMA SICAKLI\u011eI -25 \u00b0C ~ +55 \u00b0C S\u00dcR\u00dcC\u00dc PARAFUDR 2\/4 kV L-N&#8230;<\/p>","protected":false},"author":1,"featured_media":0,"parent":0,"menu_order":0,"comment_status":"closed","ping_status":"closed","template":"","meta":{"_kad_post_transparent":"default","_kad_post_title":"hide","_kad_post_layout":"fullwidth","_kad_post_sidebar_id":"","_kad_post_content_style":"unboxed","_kad_post_vertical_padding":"hide","_kad_post_feature":"hide","_kad_post_feature_position":"","_kad_post_header":false,"_kad_post_footer":false,"_kad_post_classname":"","footnotes":""},"class_list":["post-40","page","type-page","status-publish","hentry"],"_links":{"self":[{"href":"https:\/\/blacklight.com.tr\/en\/wp-json\/wp\/v2\/pages\/40","targetHints":{"allow":["GET"]}}],"collection":[{"href":"https:\/\/blacklight.com.tr\/en\/wp-json\/wp\/v2\/pages"}],"about":[{"href":"https:\/\/blacklight.com.tr\/en\/wp-json\/wp\/v2\/types\/page"}],"author":[{"embeddable":true,"href":"https:\/\/blacklight.com.tr\/en\/wp-json\/wp\/v2\/users\/1"}],"replies":[{"embeddable":true,"href":"https:\/\/blacklight.com.tr\/en\/wp-json\/wp\/v2\/comments?post=40"}],"version-history":[{"count":142,"href":"https:\/\/blacklight.com.tr\/en\/wp-json\/wp\/v2\/pages\/40\/revisions"}],"predecessor-version":[{"id":2601,"href":"https:\/\/blacklight.com.tr\/en\/wp-json\/wp\/v2\/pages\/40\/revisions\/2601"}],"wp:attachment":[{"href":"https:\/\/blacklight.com.tr\/en\/wp-json\/wp\/v2\/media?parent=40"}],"curies":[{"name":"wp","href":"https:\/\/api.w.org\/{rel}","templated":true}]}}