{"id":2238,"date":"2025-11-15T10:28:54","date_gmt":"2025-11-15T10:28:54","guid":{"rendered":"https:\/\/blacklight.com.tr\/?page_id=2238"},"modified":"2026-02-16T06:02:08","modified_gmt":"2026-02-16T06:02:08","slug":"iletisim","status":"publish","type":"page","link":"https:\/\/blacklight.com.tr\/en\/iletisim\/","title":{"rendered":"Contact Us"},"content":{"rendered":"<div data-elementor-type=\"wp-page\" data-elementor-id=\"2238\" class=\"elementor elementor-2238\">\n\t\t\t\t<div class=\"elementor-element elementor-element-84536c5 e-flex e-con-boxed e-con e-parent\" data-id=\"84536c5\" data-element_type=\"container\" data-e-type=\"container\" data-settings=\"{&quot;background_background&quot;:&quot;classic&quot;}\">\n\t\t\t\t\t<div class=\"e-con-inner\">\n\t\t\t\t<div class=\"elementor-element elementor-element-9523701 elementor-widget elementor-widget-heading\" data-id=\"9523701\" data-element_type=\"widget\" data-e-type=\"widget\" data-widget_type=\"heading.default\">\n\t\t\t\t\t<h2 class=\"elementor-heading-title elementor-size-default\">CONTACT US<\/h2>\t\t\t\t<\/div>\n\t\t\t\t\t<\/div>\n\t\t\t\t<\/div>\n\t\t<div class=\"elementor-element elementor-element-881d28a e-flex e-con-boxed e-con e-parent\" data-id=\"881d28a\" data-element_type=\"container\" data-e-type=\"container\">\n\t\t\t\t\t<div class=\"e-con-inner\">\n\t\t<div class=\"elementor-element elementor-element-8107d92 e-con-full e-flex e-con e-child\" data-id=\"8107d92\" data-element_type=\"container\" data-e-type=\"container\">\n\t\t\t\t<div class=\"elementor-element elementor-element-ea5bf1b elementor-widget elementor-widget-html\" data-id=\"ea5bf1b\" data-element_type=\"widget\" data-e-type=\"widget\" data-widget_type=\"html.default\">\n\t\t\t\t\t<iframe src=\"https:\/\/www.google.com\/maps\/embed?pb=!1m14!1m8!1m3!1d165048.3601921595!2d27.359473!3d38.635769!3m2!1i1024!2i768!4f13.1!3m3!1m2!1s0x14b97cdfc0e51bd7%3A0x20d9121fc5c57f54!2sBlack%20Light%20Led%20Ayd%C4%B1nlatma!5e1!3m2!1str!2str!4v1763202599922!5m2!1str!2str\" width=\"600\" height=\"450\" style=\"border:0;\" allowfullscreen=\"\" loading=\"lazy\" referrerpolicy=\"no-referrer-when-downgrade\"><\/iframe>\t\t\t\t<\/div>\n\t\t\t\t<\/div>\n\t\t<div class=\"elementor-element elementor-element-0c95987 e-con-full e-flex e-con e-child\" data-id=\"0c95987\" data-element_type=\"container\" data-e-type=\"container\">\n\t\t<div class=\"elementor-element elementor-element-8d8cac7 e-con-full e-flex e-con e-child\" data-id=\"8d8cac7\" data-element_type=\"container\" data-e-type=\"container\">\n\t\t\t\t<div class=\"elementor-element elementor-element-76c940f elementor-widget elementor-widget-heading\" data-id=\"76c940f\" data-element_type=\"widget\" data-e-type=\"widget\" data-widget_type=\"heading.default\">\n\t\t\t\t\t<h2 class=\"elementor-heading-title elementor-size-default\">You can write to us<\/h2>\t\t\t\t<\/div>\n\t\t\t\t<div class=\"elementor-element elementor-element-a8eec84 elementor-widget elementor-widget-shortcode\" data-id=\"a8eec84\" data-element_type=\"widget\" data-e-type=\"widget\" data-widget_type=\"shortcode.default\">\n\t\t\t\t\t\t\t<div class=\"elementor-shortcode\">\n<div class=\"wpcf7 no-js\" id=\"wpcf7-f7-o1\" lang=\"tr-TR\" dir=\"ltr\" data-wpcf7-id=\"7\">\n<div class=\"screen-reader-response\"><p role=\"status\" aria-live=\"polite\" aria-atomic=\"true\"><\/p> <ul><\/ul><\/div>\n<form action=\"\/en\/wp-json\/wp\/v2\/pages\/2238#wpcf7-f7-o1\" method=\"post\" class=\"wpcf7-form init\" aria-label=\"\u0130leti\u015fim Formu\" novalidate=\"novalidate\" data-status=\"init\" data-trp-original-action=\"\/en\/wp-json\/wp\/v2\/pages\/2238#wpcf7-f7-o1\">\n<fieldset class=\"hidden-fields-container\"><input type=\"hidden\" name=\"_wpcf7\" value=\"7\" \/><input type=\"hidden\" name=\"_wpcf7_version\" value=\"6.1.5\" \/><input type=\"hidden\" name=\"_wpcf7_locale\" value=\"tr_TR\" \/><input type=\"hidden\" name=\"_wpcf7_unit_tag\" value=\"wpcf7-f7-o1\" \/><input type=\"hidden\" name=\"_wpcf7_container_post\" value=\"0\" \/><input type=\"hidden\" name=\"_wpcf7_posted_data_hash\" value=\"\" \/>\n<\/fieldset>\n<p><label> Name and Surname<br \/>\n<span class=\"wpcf7-form-control-wrap\" data-name=\"your-name\"><input size=\"40\" maxlength=\"400\" class=\"wpcf7-form-control wpcf7-text wpcf7-validates-as-required\" autocomplete=\"name\" aria-required=\"true\" aria-invalid=\"false\" value=\"\" type=\"text\" name=\"your-name\" \/><\/span> <\/label>\n<\/p>\n<p><label> Your e-mail address<br \/>\n<span class=\"wpcf7-form-control-wrap\" data-name=\"your-email\"><input size=\"40\" maxlength=\"400\" class=\"wpcf7-form-control wpcf7-email wpcf7-validates-as-required wpcf7-text wpcf7-validates-as-email\" autocomplete=\"email\" aria-required=\"true\" aria-invalid=\"false\" value=\"\" type=\"email\" name=\"your-email\" \/><\/span> <\/label>\n<\/p>\n<p><label> Subject<br \/>\n<span class=\"wpcf7-form-control-wrap\" data-name=\"your-subject\"><input size=\"40\" maxlength=\"400\" class=\"wpcf7-form-control wpcf7-text wpcf7-validates-as-required\" aria-required=\"true\" aria-invalid=\"false\" value=\"\" type=\"text\" name=\"your-subject\" \/><\/span> <\/label>\n<\/p>\n<p><label> Your message<br \/>\n<span class=\"wpcf7-form-control-wrap\" data-name=\"your-message\"><textarea cols=\"40\" rows=\"10\" maxlength=\"2000\" class=\"wpcf7-form-control wpcf7-textarea\" aria-invalid=\"false\" name=\"your-message\"><\/textarea><\/span> <\/label>\n<\/p>\n<p><input class=\"wpcf7-form-control wpcf7-submit has-spinner\" type=\"submit\" value=\"Submit\" \/>\n<\/p><p style=\"display: none !important;\" class=\"akismet-fields-container\" data-prefix=\"_wpcf7_ak_\"><label>&#916;<textarea name=\"_wpcf7_ak_hp_textarea\" cols=\"45\" rows=\"8\" maxlength=\"100\"><\/textarea><\/label><input type=\"hidden\" id=\"ak_js_1\" name=\"_wpcf7_ak_js\" value=\"238\"\/><script>document.getElementById( \"ak_js_1\" ).setAttribute( \"value\", ( new Date() ).getTime() );<\/script><\/p><div class=\"wpcf7-response-output\" aria-hidden=\"true\"><\/div>\n<input type=\"hidden\" name=\"trp-form-language\" value=\"en\"\/><\/form>\n<\/div>\n<\/div>\n\t\t\t\t\t\t<\/div>\n\t\t\t\t<\/div>\n\t\t<div class=\"elementor-element elementor-element-ba6079e e-con-full e-flex e-con e-child\" data-id=\"ba6079e\" data-element_type=\"container\" data-e-type=\"container\">\n\t\t\t\t<div class=\"elementor-element elementor-element-07e3cb6 elementor-widget elementor-widget-heading\" data-id=\"07e3cb6\" data-element_type=\"widget\" data-e-type=\"widget\" data-widget_type=\"heading.default\">\n\t\t\t\t\t<h2 class=\"elementor-heading-title elementor-size-default\">Our Contact Information<\/h2>\t\t\t\t<\/div>\n\t\t\t\t<div class=\"elementor-element elementor-element-85fe68e elementor-widget elementor-widget-text-editor\" data-id=\"85fe68e\" data-element_type=\"widget\" data-e-type=\"widget\" data-widget_type=\"text-editor.default\">\n\t\t\t\t\t\t\t\t\t<p><strong>Head Office<\/strong><br \/>Evrenos Mahallesi Evrenos K\u00fcme Evleri<br \/>No:45 Yunusemre, Manisa<\/p><p><strong>T.<\/strong>+90 232 437 0550 \u2022\u00a0<strong>F.<\/strong>\u00a0+90 232 437 0551<br \/><strong>T.<\/strong>\u00a0+90 236 503 7210 \u2022<strong>\u00a0T<\/strong>.\u00a0+90 236 503 7211<\/p><p><strong>Export<\/strong><br \/><strong>T.<\/strong>\u00a0+90 537 952 2795<br \/><strong>E.<\/strong>\u00a0irfan@blacklight.com.tr<\/p><p><strong>For Your Technical Support Requests and Questions<\/strong><br \/><strong>T.<\/strong>\u00a0+90 533 705 9167<br \/><strong>E.<\/strong>\u00a0destek@blacklight.com.tr<br \/><strong>E.<\/strong>\u00a0arge@blacklight.com.tr<\/p><p><strong>Central Anatolia Region<\/strong><br \/><strong>T.<\/strong>\u00a0+90 533 705 9170<br \/><strong>E.<\/strong> beyza@blacklight.com.tr<\/p><p><strong>Aegean Region<\/strong><br \/><strong>T.<\/strong>\u00a0+90 533 705 9113<br \/><strong>E.<\/strong>\u00a0nihal@blacklight.com.tr<\/p><p><strong>Marmara Region<\/strong><br \/><strong>T.<\/strong>\u00a0+90 533 705 9138<br \/><strong>E.<\/strong>\u00a0ege@blacklight.com.tr<\/p>\t\t\t\t\t\t\t\t<\/div>\n\t\t\t\t<\/div>\n\t\t\t\t<\/div>\n\t\t\t\t\t<\/div>\n\t\t\t\t<\/div>\n\t\t\t\t<\/div>","protected":false},"excerpt":{"rendered":"<p>\u0130LET\u0130\u015e\u0130M Bize Yazabilirsiniz \u0130leti\u015fim Bilgilerimiz MerkezEvrenos Mahallesi Evrenos K\u00fcme EvleriNo:45 Yunusemre, Manisa T.+90 232 437 0550 \u2022\u00a0F.\u00a0+90 232 437 0551T.\u00a0+90 236 503 7210 \u2022\u00a0T.\u00a0+90 236 503 7211 \u0130hracatT.\u00a0+90 537 952 2795E.\u00a0irfan@blacklight.com.tr Teknik Destek Talep ve Sorular\u0131n\u0131z \u0130\u00e7inT.\u00a0+90 533 705 9167E.\u00a0destek@blacklight.com.trE.\u00a0arge@blacklight.com.tr \u0130\u00e7 Anadolu B\u00f6lgeT.\u00a0+90 533 705 9170E. beyza@blacklight.com.tr Ege B\u00f6lgeT.\u00a0+90 533 705 9113E.\u00a0nihal@blacklight.com.tr Marmara B\u00f6lgeT.\u00a0+90 533&#8230;<\/p>","protected":false},"author":1,"featured_media":0,"parent":0,"menu_order":0,"comment_status":"closed","ping_status":"closed","template":"","meta":{"_kad_post_transparent":"default","_kad_post_title":"hide","_kad_post_layout":"fullwidth","_kad_post_sidebar_id":"","_kad_post_content_style":"unboxed","_kad_post_vertical_padding":"hide","_kad_post_feature":"hide","_kad_post_feature_position":"","_kad_post_header":false,"_kad_post_footer":false,"_kad_post_classname":"","footnotes":""},"class_list":["post-2238","page","type-page","status-publish","hentry"],"_links":{"self":[{"href":"https:\/\/blacklight.com.tr\/en\/wp-json\/wp\/v2\/pages\/2238","targetHints":{"allow":["GET"]}}],"collection":[{"href":"https:\/\/blacklight.com.tr\/en\/wp-json\/wp\/v2\/pages"}],"about":[{"href":"https:\/\/blacklight.com.tr\/en\/wp-json\/wp\/v2\/types\/page"}],"author":[{"embeddable":true,"href":"https:\/\/blacklight.com.tr\/en\/wp-json\/wp\/v2\/users\/1"}],"replies":[{"embeddable":true,"href":"https:\/\/blacklight.com.tr\/en\/wp-json\/wp\/v2\/comments?post=2238"}],"version-history":[{"count":19,"href":"https:\/\/blacklight.com.tr\/en\/wp-json\/wp\/v2\/pages\/2238\/revisions"}],"predecessor-version":[{"id":2604,"href":"https:\/\/blacklight.com.tr\/en\/wp-json\/wp\/v2\/pages\/2238\/revisions\/2604"}],"wp:attachment":[{"href":"https:\/\/blacklight.com.tr\/en\/wp-json\/wp\/v2\/media?parent=2238"}],"curies":[{"name":"wp","href":"https:\/\/api.w.org\/{rel}","templated":true}]}}