{"id":1907,"date":"2025-11-14T16:51:34","date_gmt":"2025-11-14T16:51:34","guid":{"rendered":"https:\/\/blacklight.com.tr\/?page_id=1907"},"modified":"2025-11-15T17:06:58","modified_gmt":"2025-11-15T17:06:58","slug":"hakkimizda","status":"publish","type":"page","link":"https:\/\/blacklight.com.tr\/en\/hakkimizda\/","title":{"rendered":"About Us"},"content":{"rendered":"<div data-elementor-type=\"wp-page\" data-elementor-id=\"1907\" class=\"elementor elementor-1907\">\n\t\t\t\t<div class=\"elementor-element elementor-element-36828d5 e-flex e-con-boxed e-con e-parent\" data-id=\"36828d5\" data-element_type=\"container\" data-e-type=\"container\" data-settings=\"{&quot;background_background&quot;:&quot;classic&quot;}\">\n\t\t\t\t\t<div class=\"e-con-inner\">\n\t\t\t\t<div class=\"elementor-element elementor-element-987b193 elementor-widget elementor-widget-heading\" data-id=\"987b193\" data-element_type=\"widget\" data-e-type=\"widget\" data-widget_type=\"heading.default\">\n\t\t\t\t\t<h2 class=\"elementor-heading-title elementor-size-default\">ABOUT US<\/h2>\t\t\t\t<\/div>\n\t\t\t\t\t<\/div>\n\t\t\t\t<\/div>\n\t\t<div class=\"elementor-element elementor-element-881d28a e-flex e-con-boxed e-con e-parent\" data-id=\"881d28a\" data-element_type=\"container\" data-e-type=\"container\">\n\t\t\t\t\t<div class=\"e-con-inner\">\n\t\t<div class=\"elementor-element elementor-element-8107d92 e-con-full e-flex e-con e-child\" data-id=\"8107d92\" data-element_type=\"container\" data-e-type=\"container\">\n\t\t\t\t<div class=\"elementor-element elementor-element-08f449c elementor-widget elementor-widget-text-editor\" data-id=\"08f449c\" data-element_type=\"widget\" data-e-type=\"widget\" data-widget_type=\"text-editor.default\">\n\t\t\t\t\t\t\t\t\t<p>As Black Light, we design our Lighting products which are technological, long-lasting and healthy in our own way and we follow innovative products<\/p><p>While we take it as our duty to provide you with the best service for the satisfaction of our customers with our engineers and technical staff, by incorporating many issues and suppliers; we closely follow world standards with changing lighting technology and we offer you contemporary lighting services.<\/p><p>As the Black Light family, which offers value-added lighting products with low energy consumption, high life span to the country's economy, we continue to develop together with the whole world.<\/p><p>Black Light, which has been operating since 2016 with its production facility established on an area of 3500 m2, continues to grow rapidly with its newly established R&amp;D center without sacrificing quality.<sup>2<\/sup>\u00a0alana kurulmu\u015f \u00fcretim tesisi ile 2016 y\u0131l\u0131ndan itibaren faaliyet g\u00f6steren Black Light, yeni kurulan Arge merkezi ile kaliteden \u00f6d\u00fcn vermeden h\u0131zla b\u00fcy\u00fcmeye devam etmektedir.<\/p>\t\t\t\t\t\t\t\t<\/div>\n\t\t<div class=\"elementor-element elementor-element-3464d5e e-con-full e-flex e-con e-child\" data-id=\"3464d5e\" data-element_type=\"container\" data-e-type=\"container\">\n\t\t\t\t<div class=\"elementor-element elementor-element-51c5041 elementor-widget elementor-widget-video\" data-id=\"51c5041\" data-element_type=\"widget\" data-e-type=\"widget\" data-settings=\"{&quot;youtube_url&quot;:&quot;https:\\\/\\\/youtu.be\\\/Zpe97NYaBPo&quot;,&quot;autoplay&quot;:&quot;yes&quot;,&quot;play_on_mobile&quot;:&quot;yes&quot;,&quot;mute&quot;:&quot;yes&quot;,&quot;loop&quot;:&quot;yes&quot;,&quot;video_type&quot;:&quot;youtube&quot;,&quot;controls&quot;:&quot;yes&quot;}\" data-widget_type=\"video.default\">\n\t\t\t\t\t\t\t<div class=\"elementor-wrapper elementor-open-inline\">\n\t\t\t<div class=\"elementor-video\"><\/div>\t\t<\/div>\n\t\t\t\t\t\t<\/div>\n\t\t\t\t<\/div>\n\t\t\t\t<\/div>\n\t\t\t\t\t<\/div>\n\t\t\t\t<\/div>\n\t\t\t\t<\/div>","protected":false},"excerpt":{"rendered":"<p>HAKKIMIZDA \u201cBlack Light\u201d olarak teknolojik, uzun \u00f6m\u00fcrl\u00fc ve sa\u011fl\u0131kl\u0131 ayd\u0131nlatma \u00fcr\u00fcnlerini kendi b\u00fcnyemizde tasarlay\u0131p yenilik\u00e7i \u00fcr\u00fcnleri takip\u00a0ediyoruz. M\u00fc\u015fteri ve tedarik\u00e7ilerimizin memnuniyeti i\u00e7in bir\u00e7ok konuyu b\u00fcnyemizde bar\u0131nd\u0131rarak, m\u00fchendis ve teknik kadromuz ile sizlere en iyi hizmeti vermeyi g\u00f6rev edinirken; de\u011fi\u015fen ayd\u0131nlatma teknolojisi ile d\u00fcnya standartlar\u0131n\u0131 yak\u0131ndan takip ediyor ve \u00e7a\u011fda\u015f ayd\u0131nlatma\u00a0hizmetlerini sizlere sunuyoruz. D\u00fc\u015f\u00fck enerji t\u00fcketimine&#8230;<\/p>","protected":false},"author":1,"featured_media":0,"parent":0,"menu_order":0,"comment_status":"closed","ping_status":"closed","template":"","meta":{"_kad_post_transparent":"default","_kad_post_title":"hide","_kad_post_layout":"fullwidth","_kad_post_sidebar_id":"","_kad_post_content_style":"unboxed","_kad_post_vertical_padding":"hide","_kad_post_feature":"hide","_kad_post_feature_position":"","_kad_post_header":false,"_kad_post_footer":false,"_kad_post_classname":"","footnotes":""},"class_list":["post-1907","page","type-page","status-publish","hentry"],"_links":{"self":[{"href":"https:\/\/blacklight.com.tr\/en\/wp-json\/wp\/v2\/pages\/1907","targetHints":{"allow":["GET"]}}],"collection":[{"href":"https:\/\/blacklight.com.tr\/en\/wp-json\/wp\/v2\/pages"}],"about":[{"href":"https:\/\/blacklight.com.tr\/en\/wp-json\/wp\/v2\/types\/page"}],"author":[{"embeddable":true,"href":"https:\/\/blacklight.com.tr\/en\/wp-json\/wp\/v2\/users\/1"}],"replies":[{"embeddable":true,"href":"https:\/\/blacklight.com.tr\/en\/wp-json\/wp\/v2\/comments?post=1907"}],"version-history":[{"count":13,"href":"https:\/\/blacklight.com.tr\/en\/wp-json\/wp\/v2\/pages\/1907\/revisions"}],"predecessor-version":[{"id":2312,"href":"https:\/\/blacklight.com.tr\/en\/wp-json\/wp\/v2\/pages\/1907\/revisions\/2312"}],"wp:attachment":[{"href":"https:\/\/blacklight.com.tr\/en\/wp-json\/wp\/v2\/media?parent=1907"}],"curies":[{"name":"wp","href":"https:\/\/api.w.org\/{rel}","templated":true}]}}