{"id":1518,"date":"2025-11-12T18:45:23","date_gmt":"2025-11-12T18:45:23","guid":{"rendered":"https:\/\/blacklight.com.tr\/?page_id=1518"},"modified":"2025-12-03T14:42:12","modified_gmt":"2025-12-03T14:42:12","slug":"twinlight-ip65","status":"publish","type":"page","link":"https:\/\/blacklight.com.tr\/en\/twinlight-ip65\/","title":{"rendered":"Twinlight-IP65"},"content":{"rendered":"<div data-elementor-type=\"wp-page\" data-elementor-id=\"1518\" class=\"elementor elementor-1518\">\n\t\t\t\t<div class=\"elementor-element elementor-element-f8369c2 e-flex e-con-boxed e-con e-parent\" data-id=\"f8369c2\" data-element_type=\"container\" data-e-type=\"container\" data-settings=\"{&quot;background_background&quot;:&quot;classic&quot;}\">\n\t\t\t\t\t<div class=\"e-con-inner\">\n\t\t<div class=\"elementor-element elementor-element-5fd79b2 e-con-full e-flex e-con e-child\" data-id=\"5fd79b2\" data-element_type=\"container\" data-e-type=\"container\">\n\t\t\t\t<div class=\"elementor-element elementor-element-f6436da elementor-widget__width-initial elementor-widget elementor-widget-heading\" data-id=\"f6436da\" data-element_type=\"widget\" data-e-type=\"widget\" data-widget_type=\"heading.default\">\n\t\t\t\t\t<h2 class=\"elementor-heading-title elementor-size-default\">Twinlight-IP65<\/h2>\t\t\t\t<\/div>\n\t\t\t\t<\/div>\n\t\t<div class=\"elementor-element elementor-element-121bacf e-con-full e-flex e-con e-child\" data-id=\"121bacf\" data-element_type=\"container\" data-e-type=\"container\">\n\t\t\t\t<div class=\"elementor-element elementor-element-f89a9a6 elementor-widget elementor-widget-image\" data-id=\"f89a9a6\" data-element_type=\"widget\" data-e-type=\"widget\" data-widget_type=\"image.default\">\n\t\t\t\t\t\t\t\t\t\t\t\t\t\t\t<img fetchpriority=\"high\" decoding=\"async\" width=\"1024\" height=\"112\" src=\"https:\/\/blacklight.com.tr\/wp-content\/uploads\/2025\/11\/acil_sertifika-1024x112.png\" class=\"attachment-large size-large wp-image-1487\" alt=\"\" srcset=\"https:\/\/blacklight.com.tr\/wp-content\/uploads\/2025\/11\/acil_sertifika-1024x112.png 1024w, https:\/\/blacklight.com.tr\/wp-content\/uploads\/2025\/11\/acil_sertifika-300x33.png 300w, https:\/\/blacklight.com.tr\/wp-content\/uploads\/2025\/11\/acil_sertifika-768x84.png 768w, https:\/\/blacklight.com.tr\/wp-content\/uploads\/2025\/11\/acil_sertifika-1536x168.png 1536w, https:\/\/blacklight.com.tr\/wp-content\/uploads\/2025\/11\/acil_sertifika-2048x225.png 2048w, https:\/\/blacklight.com.tr\/wp-content\/uploads\/2025\/11\/acil_sertifika-18x2.png 18w\" sizes=\"(max-width: 1024px) 100vw, 1024px\" \/>\t\t\t\t\t\t\t\t\t\t\t\t\t\t\t<\/div>\n\t\t\t\t<\/div>\n\t\t\t\t\t<\/div>\n\t\t\t\t<\/div>\n\t\t<div class=\"elementor-element elementor-element-4fb1c71 e-flex e-con-boxed e-con e-parent\" data-id=\"4fb1c71\" data-element_type=\"container\" data-e-type=\"container\">\n\t\t\t\t\t<div class=\"e-con-inner\">\n\t\t<div class=\"elementor-element elementor-element-c8beebe e-con-full e-flex e-con e-child\" data-id=\"c8beebe\" data-element_type=\"container\" data-e-type=\"container\">\n\t\t\t\t<div class=\"elementor-element elementor-element-c931229 elementor-widget elementor-widget-image\" data-id=\"c931229\" data-element_type=\"widget\" data-e-type=\"widget\" data-widget_type=\"image.default\">\n\t\t\t\t\t\t\t\t\t\t\t\t\t\t\t<img decoding=\"async\" width=\"1024\" height=\"1024\" src=\"https:\/\/blacklight.com.tr\/wp-content\/uploads\/2025\/11\/Twinlight_IP65-02-1024x1024.jpg\" class=\"attachment-large size-large wp-image-1515\" alt=\"\" srcset=\"https:\/\/blacklight.com.tr\/wp-content\/uploads\/2025\/11\/Twinlight_IP65-02-1024x1024.jpg 1024w, https:\/\/blacklight.com.tr\/wp-content\/uploads\/2025\/11\/Twinlight_IP65-02-300x300.jpg 300w, https:\/\/blacklight.com.tr\/wp-content\/uploads\/2025\/11\/Twinlight_IP65-02-150x150.jpg 150w, https:\/\/blacklight.com.tr\/wp-content\/uploads\/2025\/11\/Twinlight_IP65-02-768x768.jpg 768w, https:\/\/blacklight.com.tr\/wp-content\/uploads\/2025\/11\/Twinlight_IP65-02-12x12.jpg 12w, https:\/\/blacklight.com.tr\/wp-content\/uploads\/2025\/11\/Twinlight_IP65-02.jpg 1250w\" sizes=\"(max-width: 1024px) 100vw, 1024px\" \/>\t\t\t\t\t\t\t\t\t\t\t\t\t\t\t<\/div>\n\t\t\t\t<\/div>\n\t\t<div class=\"elementor-element elementor-element-df58b8b e-con-full e-flex e-con e-child\" data-id=\"df58b8b\" data-element_type=\"container\" data-e-type=\"container\">\n\t\t\t\t<div class=\"elementor-element elementor-element-1461822 elementor-widget elementor-widget-heading\" data-id=\"1461822\" data-element_type=\"widget\" data-e-type=\"widget\" data-widget_type=\"heading.default\">\n\t\t\t\t\t<h2 class=\"elementor-heading-title elementor-size-default\">Technical Specifications<\/h2>\t\t\t\t<\/div>\n\t\t\t\t<div class=\"elementor-element elementor-element-5a6fd1c elementor-widget-divider--view-line elementor-widget elementor-widget-divider\" data-id=\"5a6fd1c\" data-element_type=\"widget\" data-e-type=\"widget\" data-widget_type=\"divider.default\">\n\t\t\t\t\t\t\t<div class=\"elementor-divider\">\n\t\t\t<span class=\"elementor-divider-separator\">\n\t\t\t\t\t\t<\/span>\n\t\t<\/div>\n\t\t\t\t\t\t<\/div>\n\t\t\t\t<div class=\"elementor-element elementor-element-931a647 elementor-widget elementor-widget-text-editor\" data-id=\"931a647\" data-element_type=\"widget\" data-e-type=\"widget\" data-widget_type=\"text-editor.default\">\n\t\t\t\t\t\t\t\t\t<table width=\"589\"><tbody><tr><td width=\"198\"><p><strong>BODY<\/strong><\/p><\/td><td width=\"384\"><p>Polycarbonate<\/p><\/td><\/tr><tr><td width=\"198\"><p><strong>\u00c7ALI\u015eMA \u015eEKL\u0130<\/strong><\/p><\/td><td width=\"384\"><p>In The Emergency<\/p><\/td><\/tr><tr><td width=\"198\"><p><strong>OPERATING TEMP.<\/strong><\/p><\/td><td width=\"384\"><p>-10 \/ +60 \u00b0C<\/p><\/td><\/tr><tr><td width=\"198\"><p><strong>G\u00dc\u00c7 T\u00dcKET\u0130M\u0130<\/strong><\/p><\/td><td width=\"384\"><p>3,5 W<\/p><\/td><\/tr><tr><td width=\"198\"><p><strong>\u00c7ALI\u015eMA VOLTAJI<\/strong><\/p><\/td><td width=\"384\"><p>220-240 V<\/p><\/td><\/tr><tr><td width=\"198\"><p><strong>IP CLASS<\/strong><\/p><\/td><td width=\"384\"><p>IP 65<\/p><\/td><\/tr><\/tbody><\/table>\t\t\t\t\t\t\t\t<\/div>\n\t\t\t\t<\/div>\n\t\t\t\t\t<\/div>\n\t\t\t\t<\/div>\n\t\t<div class=\"elementor-element elementor-element-23618cf e-flex e-con-boxed e-con e-parent\" data-id=\"23618cf\" data-element_type=\"container\" data-e-type=\"container\">\n\t\t\t\t\t<div class=\"e-con-inner\">\n\t\t<div class=\"elementor-element elementor-element-c4aebdc e-con-full e-flex e-con e-child\" data-id=\"c4aebdc\" data-element_type=\"container\" data-e-type=\"container\">\n\t\t<div class=\"elementor-element elementor-element-6aa7bc1 e-con-full e-flex e-con e-child\" data-id=\"6aa7bc1\" data-element_type=\"container\" data-e-type=\"container\">\n\t\t\t\t<div class=\"elementor-element elementor-element-9189a25 elementor-widget elementor-widget-image\" data-id=\"9189a25\" data-element_type=\"widget\" data-e-type=\"widget\" data-widget_type=\"image.default\">\n\t\t\t\t\t\t\t\t\t\t\t\t\t\t\t<img decoding=\"async\" width=\"1024\" height=\"153\" src=\"https:\/\/blacklight.com.tr\/wp-content\/uploads\/2025\/11\/Twinlight_IP65-04-1024x153.jpg\" class=\"attachment-large size-large wp-image-1517\" alt=\"\" srcset=\"https:\/\/blacklight.com.tr\/wp-content\/uploads\/2025\/11\/Twinlight_IP65-04-1024x153.jpg 1024w, https:\/\/blacklight.com.tr\/wp-content\/uploads\/2025\/11\/Twinlight_IP65-04-300x45.jpg 300w, https:\/\/blacklight.com.tr\/wp-content\/uploads\/2025\/11\/Twinlight_IP65-04-768x115.jpg 768w, https:\/\/blacklight.com.tr\/wp-content\/uploads\/2025\/11\/Twinlight_IP65-04-1536x229.jpg 1536w, https:\/\/blacklight.com.tr\/wp-content\/uploads\/2025\/11\/Twinlight_IP65-04-18x3.jpg 18w, https:\/\/blacklight.com.tr\/wp-content\/uploads\/2025\/11\/Twinlight_IP65-04.jpg 1958w\" sizes=\"(max-width: 1024px) 100vw, 1024px\" \/>\t\t\t\t\t\t\t\t\t\t\t\t\t\t\t<\/div>\n\t\t\t\t<\/div>\n\t\t<div class=\"elementor-element elementor-element-fbcaa52 e-con-full e-flex e-con e-child\" data-id=\"fbcaa52\" data-element_type=\"container\" data-e-type=\"container\">\n\t\t\t\t<div class=\"elementor-element elementor-element-56f88e7 elementor-align-right elementor-widget elementor-widget-button\" data-id=\"56f88e7\" data-element_type=\"widget\" data-e-type=\"widget\" data-widget_type=\"button.default\">\n\t\t\t\t\t\t\t\t\t\t<a class=\"elementor-button elementor-button-link elementor-size-sm\" href=\"https:\/\/blacklight.com.tr\/wp-content\/uploads\/2025\/11\/Twinlight_IP65.pdf\" target=\"_blank\">\n\t\t\t\t\t\t<span class=\"elementor-button-content-wrapper\">\n\t\t\t\t\t\t\t\t\t<span class=\"elementor-button-text\">View\/Download Product Catalog<\/span>\n\t\t\t\t\t<\/span>\n\t\t\t\t\t<\/a>\n\t\t\t\t\t\t\t\t<\/div>\n\t\t\t\t<\/div>\n\t\t\t\t<\/div>\n\t\t\t\t\t<\/div>\n\t\t\t\t<\/div>\n\t\t<div class=\"elementor-element elementor-element-a7d3bd7 e-flex e-con-boxed e-con e-parent\" data-id=\"a7d3bd7\" data-element_type=\"container\" data-e-type=\"container\">\n\t\t\t\t\t<div class=\"e-con-inner\">\n\t\t\t\t<div class=\"elementor-element elementor-element-e6c0894 elementor-widget elementor-widget-n-accordion\" data-id=\"e6c0894\" data-element_type=\"widget\" data-e-type=\"widget\" data-settings=\"{&quot;default_state&quot;:&quot;expanded&quot;,&quot;max_items_expended&quot;:&quot;one&quot;,&quot;n_accordion_animation_duration&quot;:{&quot;unit&quot;:&quot;ms&quot;,&quot;size&quot;:400,&quot;sizes&quot;:[]}}\" data-widget_type=\"nested-accordion.default\">\n\t\t\t\t\t\t\t<div class=\"e-n-accordion\" aria-label=\"Accordion. Open links with Enter or Space, close with Escape, and navigate with Arrow Keys\">\n\t\t\t\t\t\t<details id=\"e-n-accordion-item-2410\" class=\"e-n-accordion-item\" open>\n\t\t\t\t<summary class=\"e-n-accordion-item-title\" data-accordion-index=\"1\" tabindex=\"0\" aria-expanded=\"true\" aria-controls=\"e-n-accordion-item-2410\" >\n\t\t\t\t\t<span class='e-n-accordion-item-title-header'><div class=\"e-n-accordion-item-title-text\"> Product Description <\/div><\/span>\n\t\t\t\t\t\t\t<span class='e-n-accordion-item-title-icon'>\n\t\t\t<span class='e-opened' ><svg aria-hidden=\"true\" class=\"e-font-icon-svg e-fas-caret-down\" viewbox=\"0 0 320 512\" xmlns=\"http:\/\/www.w3.org\/2000\/svg\"><path d=\"M31.3 192h257.3c17.8 0 26.7 21.5 14.1 34.1L174.1 354.8c-7.8 7.8-20.5 7.8-28.3 0L17.2 226.1C4.6 213.5 13.5 192 31.3 192z\"><\/path><\/svg><\/span>\n\t\t\t<span class='e-closed'><svg aria-hidden=\"true\" class=\"e-font-icon-svg e-fas-caret-right\" viewbox=\"0 0 192 512\" xmlns=\"http:\/\/www.w3.org\/2000\/svg\"><path d=\"M0 384.662V127.338c0-17.818 21.543-26.741 34.142-14.142l128.662 128.662c7.81 7.81 7.81 20.474 0 28.284L34.142 398.804C21.543 411.404 0 402.48 0 384.662z\"><\/path><\/svg><\/span>\n\t\t<\/span>\n\n\t\t\t\t\t\t<\/summary>\n\t\t\t\t<div role=\"region\" aria-labelledby=\"e-n-accordion-item-2410\" class=\"elementor-element elementor-element-781eee3 e-con-full e-flex e-con e-child\" data-id=\"781eee3\" data-element_type=\"container\" data-e-type=\"container\">\n\t\t<div role=\"region\" aria-labelledby=\"e-n-accordion-item-2410\" class=\"elementor-element elementor-element-9a64cc3 e-flex e-con-boxed e-con e-child\" data-id=\"9a64cc3\" data-element_type=\"container\" data-e-type=\"container\">\n\t\t\t\t\t<div class=\"e-con-inner\">\n\t\t\t\t<div class=\"elementor-element elementor-element-c084dda elementor-widget elementor-widget-text-editor\" data-id=\"c084dda\" data-element_type=\"widget\" data-e-type=\"widget\" data-widget_type=\"text-editor.default\">\n\t\t\t\t\t\t\t\t\t<p class=\"translation-block\">- 180 min. time in case of Emergency<br>\n- Maintenance-free dry type battery<br>\n- 3 mm plastic product casing and headlight set<br>\n- Charger LED<br>\n- Test button<br>\n- Battery turn of\/off button<br>\n- Carrying Handle<br>\n- 220V Plug-in<br>\n- Adjustable headlights<br>\n- Fixed and mobile usability<br>\n- Provides proper illumination in a wide area of use such as long corridors, stairways, parking lots and factories.<br>\n- Spot fixtures step in automatically only in cases of power cut.<br>\n- Production with Led. (with 50 degree lens)<br>\n- Led 6500 Kelvin<br>\n- CE, ISO 9001:2015 Certificate<br>\n- 2 Year Guarantee<\/p>\t\t\t\t\t\t\t\t<\/div>\n\t\t\t\t\t<\/div>\n\t\t\t\t<\/div>\n\t\t\t\t<\/div>\n\t\t\t\t\t<\/details>\n\t\t\t\t\t\t<details id=\"e-n-accordion-item-2411\" class=\"e-n-accordion-item\" >\n\t\t\t\t<summary class=\"e-n-accordion-item-title\" data-accordion-index=\"2\" tabindex=\"-1\" aria-expanded=\"false\" aria-controls=\"e-n-accordion-item-2411\" >\n\t\t\t\t\t<span class='e-n-accordion-item-title-header'><div class=\"e-n-accordion-item-title-text\"> Areas of Use <\/div><\/span>\n\t\t\t\t\t\t\t<span class='e-n-accordion-item-title-icon'>\n\t\t\t<span class='e-opened' ><svg aria-hidden=\"true\" class=\"e-font-icon-svg e-fas-caret-down\" viewbox=\"0 0 320 512\" xmlns=\"http:\/\/www.w3.org\/2000\/svg\"><path d=\"M31.3 192h257.3c17.8 0 26.7 21.5 14.1 34.1L174.1 354.8c-7.8 7.8-20.5 7.8-28.3 0L17.2 226.1C4.6 213.5 13.5 192 31.3 192z\"><\/path><\/svg><\/span>\n\t\t\t<span class='e-closed'><svg aria-hidden=\"true\" class=\"e-font-icon-svg e-fas-caret-right\" viewbox=\"0 0 192 512\" xmlns=\"http:\/\/www.w3.org\/2000\/svg\"><path d=\"M0 384.662V127.338c0-17.818 21.543-26.741 34.142-14.142l128.662 128.662c7.81 7.81 7.81 20.474 0 28.284L34.142 398.804C21.543 411.404 0 402.48 0 384.662z\"><\/path><\/svg><\/span>\n\t\t<\/span>\n\n\t\t\t\t\t\t<\/summary>\n\t\t\t\t<div role=\"region\" aria-labelledby=\"e-n-accordion-item-2411\" class=\"elementor-element elementor-element-5d7f02c e-con-full e-flex e-con e-child\" data-id=\"5d7f02c\" data-element_type=\"container\" data-e-type=\"container\">\n\t\t<div role=\"region\" aria-labelledby=\"e-n-accordion-item-2411\" class=\"elementor-element elementor-element-e35b38b e-flex e-con-boxed e-con e-child\" data-id=\"e35b38b\" data-element_type=\"container\" data-e-type=\"container\">\n\t\t\t\t\t<div class=\"e-con-inner\">\n\t\t\t\t<div class=\"elementor-element elementor-element-b74992b elementor-widget elementor-widget-text-editor\" data-id=\"b74992b\" data-element_type=\"widget\" data-e-type=\"widget\" data-widget_type=\"text-editor.default\">\n\t\t\t\t\t\t\t\t\t<ul><li>Long Corridors<\/li><li>Stairwells<\/li><li>\u0130ndoor Car Parks<\/li><li>Factories<\/li><li>Boiler Rooms<\/li><li>Sanctuaries<\/li><li>Warehouses<\/li><\/ul>\t\t\t\t\t\t\t\t<\/div>\n\t\t\t\t\t<\/div>\n\t\t\t\t<\/div>\n\t\t\t\t<\/div>\n\t\t\t\t\t<\/details>\n\t\t\t\t\t\t<details id=\"e-n-accordion-item-2412\" class=\"e-n-accordion-item\" >\n\t\t\t\t<summary class=\"e-n-accordion-item-title\" data-accordion-index=\"3\" tabindex=\"-1\" aria-expanded=\"false\" aria-controls=\"e-n-accordion-item-2412\" >\n\t\t\t\t\t<span class='e-n-accordion-item-title-header'><div class=\"e-n-accordion-item-title-text\"> Datasheet <\/div><\/span>\n\t\t\t\t\t\t\t<span class='e-n-accordion-item-title-icon'>\n\t\t\t<span class='e-opened' ><svg aria-hidden=\"true\" class=\"e-font-icon-svg e-fas-caret-down\" viewbox=\"0 0 320 512\" xmlns=\"http:\/\/www.w3.org\/2000\/svg\"><path d=\"M31.3 192h257.3c17.8 0 26.7 21.5 14.1 34.1L174.1 354.8c-7.8 7.8-20.5 7.8-28.3 0L17.2 226.1C4.6 213.5 13.5 192 31.3 192z\"><\/path><\/svg><\/span>\n\t\t\t<span class='e-closed'><svg aria-hidden=\"true\" class=\"e-font-icon-svg e-fas-caret-right\" viewbox=\"0 0 192 512\" xmlns=\"http:\/\/www.w3.org\/2000\/svg\"><path d=\"M0 384.662V127.338c0-17.818 21.543-26.741 34.142-14.142l128.662 128.662c7.81 7.81 7.81 20.474 0 28.284L34.142 398.804C21.543 411.404 0 402.48 0 384.662z\"><\/path><\/svg><\/span>\n\t\t<\/span>\n\n\t\t\t\t\t\t<\/summary>\n\t\t\t\t<div role=\"region\" aria-labelledby=\"e-n-accordion-item-2412\" class=\"elementor-element elementor-element-152c17a e-con-full e-flex e-con e-child\" data-id=\"152c17a\" data-element_type=\"container\" data-e-type=\"container\">\n\t\t<div role=\"region\" aria-labelledby=\"e-n-accordion-item-2412\" class=\"elementor-element elementor-element-87f038d e-flex e-con-boxed e-con e-child\" data-id=\"87f038d\" data-element_type=\"container\" data-e-type=\"container\">\n\t\t\t\t\t<div class=\"e-con-inner\">\n\t\t\t\t<div class=\"elementor-element elementor-element-da98ae9 elementor-widget elementor-widget-image\" data-id=\"da98ae9\" data-element_type=\"widget\" data-e-type=\"widget\" data-widget_type=\"image.default\">\n\t\t\t\t\t\t\t\t\t\t\t\t\t\t\t<img loading=\"lazy\" decoding=\"async\" width=\"2217\" height=\"527\" src=\"https:\/\/blacklight.com.tr\/wp-content\/uploads\/2025\/11\/Twinlight_IP65-03.jpg\" class=\"attachment-full size-full wp-image-1516\" alt=\"\" srcset=\"https:\/\/blacklight.com.tr\/wp-content\/uploads\/2025\/11\/Twinlight_IP65-03.jpg 2217w, https:\/\/blacklight.com.tr\/wp-content\/uploads\/2025\/11\/Twinlight_IP65-03-300x71.jpg 300w, https:\/\/blacklight.com.tr\/wp-content\/uploads\/2025\/11\/Twinlight_IP65-03-1024x243.jpg 1024w, https:\/\/blacklight.com.tr\/wp-content\/uploads\/2025\/11\/Twinlight_IP65-03-768x183.jpg 768w, https:\/\/blacklight.com.tr\/wp-content\/uploads\/2025\/11\/Twinlight_IP65-03-1536x365.jpg 1536w, https:\/\/blacklight.com.tr\/wp-content\/uploads\/2025\/11\/Twinlight_IP65-03-2048x487.jpg 2048w, https:\/\/blacklight.com.tr\/wp-content\/uploads\/2025\/11\/Twinlight_IP65-03-18x4.jpg 18w\" sizes=\"(max-width: 2217px) 100vw, 2217px\" \/>\t\t\t\t\t\t\t\t\t\t\t\t\t\t\t<\/div>\n\t\t\t\t\t<\/div>\n\t\t\t\t<\/div>\n\t\t\t\t<\/div>\n\t\t\t\t\t<\/details>\n\t\t\t\t\t<\/div>\n\t\t\t\t\t\t<\/div>\n\t\t\t\t\t<\/div>\n\t\t\t\t<\/div>\n\t\t<div class=\"elementor-element elementor-element-fded2c5 e-flex e-con-boxed e-con e-parent\" data-id=\"fded2c5\" data-element_type=\"container\" data-e-type=\"container\">\n\t\t\t\t\t<div class=\"e-con-inner\">\n\t\t\t\t<div class=\"elementor-element elementor-element-1abf619 elementor-widget elementor-widget-spacer\" data-id=\"1abf619\" data-element_type=\"widget\" data-e-type=\"widget\" data-widget_type=\"spacer.default\">\n\t\t\t\t\t\t\t<div class=\"elementor-spacer\">\n\t\t\t<div class=\"elementor-spacer-inner\"><\/div>\n\t\t<\/div>\n\t\t\t\t\t\t<\/div>\n\t\t\t\t\t<\/div>\n\t\t\t\t<\/div>\n\t\t\t\t<\/div>","protected":false},"excerpt":{"rendered":"<p>Twinlight-IP65 Teknik \u00d6zellikler G\u00d6VDE Polikarbon \u00c7ALI\u015eMA \u015eEKL\u0130 Acilde \u00c7ALI\u015eMA SICAKLI\u011eI -10 \/ +60 \u00b0C G\u00dc\u00c7 T\u00dcKET\u0130M\u0130 3,5 W \u00c7ALI\u015eMA VOLTAJI 220-240 V IP SINIFI IP 65 \u00dcr\u00fcn Katalo\u011funu \u0130ncele\/\u0130ndir \u00dcr\u00fcn A\u00e7\u0131klamas\u0131 \u2013 Acilde 180 dk s\u00fcreli\u2013 Bak\u0131ms\u0131z kuru tip ak\u00fc\u2013 3 mm plastikten mamul kasa ve far tak\u0131m\u0131\u2013 \u015earj ledli\u2013 Test butonlu\u2013 Ak\u00fc a\u00e7ma kapama&#8230;<\/p>","protected":false},"author":1,"featured_media":0,"parent":0,"menu_order":0,"comment_status":"closed","ping_status":"closed","template":"","meta":{"_kad_post_transparent":"default","_kad_post_title":"hide","_kad_post_layout":"fullwidth","_kad_post_sidebar_id":"","_kad_post_content_style":"unboxed","_kad_post_vertical_padding":"hide","_kad_post_feature":"hide","_kad_post_feature_position":"","_kad_post_header":false,"_kad_post_footer":false,"_kad_post_classname":"","footnotes":""},"class_list":["post-1518","page","type-page","status-publish","hentry"],"_links":{"self":[{"href":"https:\/\/blacklight.com.tr\/en\/wp-json\/wp\/v2\/pages\/1518","targetHints":{"allow":["GET"]}}],"collection":[{"href":"https:\/\/blacklight.com.tr\/en\/wp-json\/wp\/v2\/pages"}],"about":[{"href":"https:\/\/blacklight.com.tr\/en\/wp-json\/wp\/v2\/types\/page"}],"author":[{"embeddable":true,"href":"https:\/\/blacklight.com.tr\/en\/wp-json\/wp\/v2\/users\/1"}],"replies":[{"embeddable":true,"href":"https:\/\/blacklight.com.tr\/en\/wp-json\/wp\/v2\/comments?post=1518"}],"version-history":[{"count":7,"href":"https:\/\/blacklight.com.tr\/en\/wp-json\/wp\/v2\/pages\/1518\/revisions"}],"predecessor-version":[{"id":2508,"href":"https:\/\/blacklight.com.tr\/en\/wp-json\/wp\/v2\/pages\/1518\/revisions\/2508"}],"wp:attachment":[{"href":"https:\/\/blacklight.com.tr\/en\/wp-json\/wp\/v2\/media?parent=1518"}],"curies":[{"name":"wp","href":"https:\/\/api.w.org\/{rel}","templated":true}]}}