{"id":1435,"date":"2025-11-12T17:33:48","date_gmt":"2025-11-12T17:33:48","guid":{"rendered":"https:\/\/blacklight.com.tr\/?page_id=1435"},"modified":"2026-02-10T09:34:42","modified_gmt":"2026-02-10T09:34:42","slug":"exproof","status":"publish","type":"page","link":"https:\/\/blacklight.com.tr\/en\/exproof\/","title":{"rendered":"Exproof"},"content":{"rendered":"<div data-elementor-type=\"wp-page\" data-elementor-id=\"1435\" class=\"elementor elementor-1435\">\n\t\t\t\t<div class=\"elementor-element elementor-element-f8369c2 e-flex e-con-boxed e-con e-parent\" data-id=\"f8369c2\" data-element_type=\"container\" data-e-type=\"container\" data-settings=\"{&quot;background_background&quot;:&quot;classic&quot;}\">\n\t\t\t\t\t<div class=\"e-con-inner\">\n\t\t<div class=\"elementor-element elementor-element-5fd79b2 e-con-full e-flex e-con e-child\" data-id=\"5fd79b2\" data-element_type=\"container\" data-e-type=\"container\">\n\t\t\t\t<div class=\"elementor-element elementor-element-f6436da elementor-widget__width-initial elementor-widget elementor-widget-heading\" data-id=\"f6436da\" data-element_type=\"widget\" data-e-type=\"widget\" data-widget_type=\"heading.default\">\n\t\t\t\t\t<h2 class=\"elementor-heading-title elementor-size-default\">Exproof<\/h2>\t\t\t\t<\/div>\n\t\t\t\t<\/div>\n\t\t\t\t\t<\/div>\n\t\t\t\t<\/div>\n\t\t<div class=\"elementor-element elementor-element-74b5370 e-flex e-con-boxed e-con e-parent\" data-id=\"74b5370\" data-element_type=\"container\" data-e-type=\"container\">\n\t\t\t\t\t<div class=\"e-con-inner\">\n\t\t<div class=\"elementor-element elementor-element-d50988d e-con-full e-flex e-con e-child\" data-id=\"d50988d\" data-element_type=\"container\" data-e-type=\"container\">\n\t\t\t\t<div class=\"elementor-element elementor-element-6ae71d4 elementor-widget elementor-widget-image\" data-id=\"6ae71d4\" data-element_type=\"widget\" data-e-type=\"widget\" data-widget_type=\"image.default\">\n\t\t\t\t\t\t\t\t\t\t\t\t\t\t\t<img fetchpriority=\"high\" decoding=\"async\" width=\"512\" height=\"1024\" src=\"https:\/\/blacklight.com.tr\/wp-content\/uploads\/2025\/10\/Your-partner-512x1024.webp\" class=\"attachment-large size-large wp-image-285\" alt=\"\" srcset=\"https:\/\/blacklight.com.tr\/wp-content\/uploads\/2025\/10\/Your-partner-512x1024.webp 512w, https:\/\/blacklight.com.tr\/wp-content\/uploads\/2025\/10\/Your-partner-150x300.webp 150w, https:\/\/blacklight.com.tr\/wp-content\/uploads\/2025\/10\/Your-partner-6x12.webp 6w, https:\/\/blacklight.com.tr\/wp-content\/uploads\/2025\/10\/Your-partner.webp 761w\" sizes=\"(max-width: 512px) 100vw, 512px\" \/>\t\t\t\t\t\t\t\t\t\t\t\t\t\t\t<\/div>\n\t\t\t\t<\/div>\n\t\t<div class=\"elementor-element elementor-element-1917e94 e-con-full e-flex e-con e-child\" data-id=\"1917e94\" data-element_type=\"container\" data-e-type=\"container\">\n\t\t\t\t<div class=\"elementor-element elementor-element-5488311 elementor-widget elementor-widget-image\" data-id=\"5488311\" data-element_type=\"widget\" data-e-type=\"widget\" data-widget_type=\"image.default\">\n\t\t\t\t\t\t\t\t\t\t\t\t\t\t\t<img decoding=\"async\" width=\"1024\" height=\"624\" src=\"https:\/\/blacklight.com.tr\/wp-content\/uploads\/2025\/11\/Header_Tehlikeli-alan-01-1024x624.webp\" class=\"attachment-large size-large wp-image-1437\" alt=\"\" srcset=\"https:\/\/blacklight.com.tr\/wp-content\/uploads\/2025\/11\/Header_Tehlikeli-alan-01-1024x624.webp 1024w, https:\/\/blacklight.com.tr\/wp-content\/uploads\/2025\/11\/Header_Tehlikeli-alan-01-300x183.webp 300w, https:\/\/blacklight.com.tr\/wp-content\/uploads\/2025\/11\/Header_Tehlikeli-alan-01-768x468.webp 768w, https:\/\/blacklight.com.tr\/wp-content\/uploads\/2025\/11\/Header_Tehlikeli-alan-01-1536x935.webp 1536w, https:\/\/blacklight.com.tr\/wp-content\/uploads\/2025\/11\/Header_Tehlikeli-alan-01-2048x1247.webp 2048w, https:\/\/blacklight.com.tr\/wp-content\/uploads\/2025\/11\/Header_Tehlikeli-alan-01-18x12.webp 18w\" sizes=\"(max-width: 1024px) 100vw, 1024px\" \/>\t\t\t\t\t\t\t\t\t\t\t\t\t\t\t<\/div>\n\t\t\t\t<\/div>\n\t\t\t\t\t<\/div>\n\t\t\t\t<\/div>\n\t\t<div class=\"elementor-element elementor-element-ebda97a e-flex e-con-boxed e-con e-parent\" data-id=\"ebda97a\" data-element_type=\"container\" data-e-type=\"container\" data-settings=\"{&quot;background_background&quot;:&quot;classic&quot;}\">\n\t\t\t\t\t<div class=\"e-con-inner\">\n\t\t<div class=\"elementor-element elementor-element-17c1e25 e-con-full e-flex e-con e-child\" data-id=\"17c1e25\" data-element_type=\"container\" data-e-type=\"container\">\n\t\t\t\t<div class=\"elementor-element elementor-element-733dba2 elementor-widget elementor-widget-image\" data-id=\"733dba2\" data-element_type=\"widget\" data-e-type=\"widget\" data-widget_type=\"image.default\">\n\t\t\t\t\t\t\t\t\t\t\t\t\t\t\t\t<a href=\"https:\/\/blacklight.com.tr\/en\/eta-ex\/\" target=\"_blank\">\n\t\t\t\t\t\t\t<img decoding=\"async\" width=\"1250\" height=\"1250\" src=\"https:\/\/blacklight.com.tr\/wp-content\/uploads\/2026\/02\/Eta-Ex-01.png\" class=\"elementor-animation-grow attachment-full size-full wp-image-2541\" alt=\"\" srcset=\"https:\/\/blacklight.com.tr\/wp-content\/uploads\/2026\/02\/Eta-Ex-01.png 1250w, https:\/\/blacklight.com.tr\/wp-content\/uploads\/2026\/02\/Eta-Ex-01-300x300.png 300w, https:\/\/blacklight.com.tr\/wp-content\/uploads\/2026\/02\/Eta-Ex-01-1024x1024.png 1024w, https:\/\/blacklight.com.tr\/wp-content\/uploads\/2026\/02\/Eta-Ex-01-150x150.png 150w, https:\/\/blacklight.com.tr\/wp-content\/uploads\/2026\/02\/Eta-Ex-01-768x768.png 768w, https:\/\/blacklight.com.tr\/wp-content\/uploads\/2026\/02\/Eta-Ex-01-12x12.png 12w\" sizes=\"(max-width: 1250px) 100vw, 1250px\" \/>\t\t\t\t\t\t\t\t<\/a>\n\t\t\t\t\t\t\t\t\t\t\t\t\t\t\t<\/div>\n\t\t\t\t<div class=\"elementor-element elementor-element-4daf75a elementor-align-justify elementor-widget elementor-widget-button\" data-id=\"4daf75a\" data-element_type=\"widget\" data-e-type=\"widget\" data-widget_type=\"button.default\">\n\t\t\t\t\t\t\t\t\t\t<a class=\"elementor-button elementor-button-link elementor-size-sm\" href=\"https:\/\/blacklight.com.tr\/en\/eta-ex\/\" target=\"_blank\">\n\t\t\t\t\t\t<span class=\"elementor-button-content-wrapper\">\n\t\t\t\t\t\t\t\t\t<span class=\"elementor-button-text\">Eta-Ex<\/span>\n\t\t\t\t\t<\/span>\n\t\t\t\t\t<\/a>\n\t\t\t\t\t\t\t\t<\/div>\n\t\t\t\t<\/div>\n\t\t<div class=\"elementor-element elementor-element-603914c e-con-full e-flex e-con e-child\" data-id=\"603914c\" data-element_type=\"container\" data-e-type=\"container\">\n\t\t\t\t<div class=\"elementor-element elementor-element-fad4384 elementor-widget elementor-widget-image\" data-id=\"fad4384\" data-element_type=\"widget\" data-e-type=\"widget\" data-widget_type=\"image.default\">\n\t\t\t\t\t\t\t\t\t\t\t\t\t\t\t\t<a href=\"https:\/\/blacklight.com.tr\/en\/light-ex-s-2\/\" target=\"_blank\">\n\t\t\t\t\t\t\t<img loading=\"lazy\" decoding=\"async\" width=\"1250\" height=\"1250\" src=\"https:\/\/blacklight.com.tr\/wp-content\/uploads\/2026\/02\/Light-Ex_S-01.png\" class=\"elementor-animation-grow attachment-full size-full wp-image-2569\" alt=\"\" srcset=\"https:\/\/blacklight.com.tr\/wp-content\/uploads\/2026\/02\/Light-Ex_S-01.png 1250w, https:\/\/blacklight.com.tr\/wp-content\/uploads\/2026\/02\/Light-Ex_S-01-300x300.png 300w, https:\/\/blacklight.com.tr\/wp-content\/uploads\/2026\/02\/Light-Ex_S-01-1024x1024.png 1024w, https:\/\/blacklight.com.tr\/wp-content\/uploads\/2026\/02\/Light-Ex_S-01-150x150.png 150w, https:\/\/blacklight.com.tr\/wp-content\/uploads\/2026\/02\/Light-Ex_S-01-768x768.png 768w, https:\/\/blacklight.com.tr\/wp-content\/uploads\/2026\/02\/Light-Ex_S-01-12x12.png 12w\" sizes=\"(max-width: 1250px) 100vw, 1250px\" \/>\t\t\t\t\t\t\t\t<\/a>\n\t\t\t\t\t\t\t\t\t\t\t\t\t\t\t<\/div>\n\t\t\t\t<div class=\"elementor-element elementor-element-b53b825 elementor-align-justify elementor-widget elementor-widget-button\" data-id=\"b53b825\" data-element_type=\"widget\" data-e-type=\"widget\" data-widget_type=\"button.default\">\n\t\t\t\t\t\t\t\t\t\t<a class=\"elementor-button elementor-button-link elementor-size-sm\" href=\"https:\/\/blacklight.com.tr\/en\/light-ex-s-2\/\" target=\"_blank\">\n\t\t\t\t\t\t<span class=\"elementor-button-content-wrapper\">\n\t\t\t\t\t\t\t\t\t<span class=\"elementor-button-text\">Light Ex S<\/span>\n\t\t\t\t\t<\/span>\n\t\t\t\t\t<\/a>\n\t\t\t\t\t\t\t\t<\/div>\n\t\t\t\t<\/div>\n\t\t<div class=\"elementor-element elementor-element-cefa5de e-con-full e-flex e-con e-child\" data-id=\"cefa5de\" data-element_type=\"container\" data-e-type=\"container\">\n\t\t\t\t<div class=\"elementor-element elementor-element-a6702b0 elementor-widget elementor-widget-image\" data-id=\"a6702b0\" data-element_type=\"widget\" data-e-type=\"widget\" data-widget_type=\"image.default\">\n\t\t\t\t\t\t\t\t\t\t\t\t\t\t\t\t<a href=\"https:\/\/blacklight.com.tr\/en\/light-ex-l\/\" target=\"_blank\">\n\t\t\t\t\t\t\t<img loading=\"lazy\" decoding=\"async\" width=\"1250\" height=\"1250\" src=\"https:\/\/blacklight.com.tr\/wp-content\/uploads\/2026\/02\/Lights-Ex_L-01.png\" class=\"elementor-animation-grow attachment-full size-full wp-image-2582\" alt=\"\" srcset=\"https:\/\/blacklight.com.tr\/wp-content\/uploads\/2026\/02\/Lights-Ex_L-01.png 1250w, https:\/\/blacklight.com.tr\/wp-content\/uploads\/2026\/02\/Lights-Ex_L-01-300x300.png 300w, https:\/\/blacklight.com.tr\/wp-content\/uploads\/2026\/02\/Lights-Ex_L-01-1024x1024.png 1024w, https:\/\/blacklight.com.tr\/wp-content\/uploads\/2026\/02\/Lights-Ex_L-01-150x150.png 150w, https:\/\/blacklight.com.tr\/wp-content\/uploads\/2026\/02\/Lights-Ex_L-01-768x768.png 768w, https:\/\/blacklight.com.tr\/wp-content\/uploads\/2026\/02\/Lights-Ex_L-01-12x12.png 12w\" sizes=\"(max-width: 1250px) 100vw, 1250px\" \/>\t\t\t\t\t\t\t\t<\/a>\n\t\t\t\t\t\t\t\t\t\t\t\t\t\t\t<\/div>\n\t\t\t\t<div class=\"elementor-element elementor-element-9977938 elementor-align-justify elementor-widget elementor-widget-button\" data-id=\"9977938\" data-element_type=\"widget\" data-e-type=\"widget\" data-widget_type=\"button.default\">\n\t\t\t\t\t\t\t\t\t\t<a class=\"elementor-button elementor-button-link elementor-size-sm\" href=\"https:\/\/blacklight.com.tr\/en\/light-ex-l\/\" target=\"_blank\">\n\t\t\t\t\t\t<span class=\"elementor-button-content-wrapper\">\n\t\t\t\t\t\t\t\t\t<span class=\"elementor-button-text\">Light Ex L<\/span>\n\t\t\t\t\t<\/span>\n\t\t\t\t\t<\/a>\n\t\t\t\t\t\t\t\t<\/div>\n\t\t\t\t<\/div>\n\t\t<div class=\"elementor-element elementor-element-f519832 e-con-full e-flex e-con e-child\" data-id=\"f519832\" data-element_type=\"container\" data-e-type=\"container\">\n\t\t\t\t<\/div>\n\t\t<div class=\"elementor-element elementor-element-30f18a8 e-con-full e-flex e-con e-child\" data-id=\"30f18a8\" data-element_type=\"container\" data-e-type=\"container\">\n\t\t\t\t<\/div>\n\t\t<div class=\"elementor-element elementor-element-f81dfe1 e-con-full e-flex e-con e-child\" data-id=\"f81dfe1\" data-element_type=\"container\" data-e-type=\"container\">\n\t\t\t\t<\/div>\n\t\t\t\t\t<\/div>\n\t\t\t\t<\/div>\n\t\t<div class=\"elementor-element elementor-element-2b7e0b3 e-flex e-con-boxed e-con e-parent\" data-id=\"2b7e0b3\" data-element_type=\"container\" data-e-type=\"container\">\n\t\t\t\t\t<div class=\"e-con-inner\">\n\t\t\t\t<div class=\"elementor-element elementor-element-cd388bb elementor-widget elementor-widget-text-editor\" data-id=\"cd388bb\" data-element_type=\"widget\" data-e-type=\"widget\" data-widget_type=\"text-editor.default\">\n\t\t\t\t\t\t\t\t\t<blockquote><p>The purpose of illuminating high-risk work areas; Because it is to make a dangerous machine, process or area safe, it needs a much higher light level and more durable than other types of lighting.<\/p><\/blockquote>\t\t\t\t\t\t\t\t<\/div>\n\t\t\t\t\t<\/div>\n\t\t\t\t<\/div>\n\t\t<div class=\"elementor-element elementor-element-fded2c5 e-flex e-con-boxed e-con e-parent\" data-id=\"fded2c5\" data-element_type=\"container\" data-e-type=\"container\">\n\t\t\t\t\t<div class=\"e-con-inner\">\n\t\t\t\t<div class=\"elementor-element elementor-element-1abf619 elementor-widget elementor-widget-spacer\" data-id=\"1abf619\" data-element_type=\"widget\" data-e-type=\"widget\" data-widget_type=\"spacer.default\">\n\t\t\t\t\t\t\t<div class=\"elementor-spacer\">\n\t\t\t<div class=\"elementor-spacer-inner\"><\/div>\n\t\t<\/div>\n\t\t\t\t\t\t<\/div>\n\t\t\t\t\t<\/div>\n\t\t\t\t<\/div>\n\t\t\t\t<\/div>","protected":false},"excerpt":{"rendered":"<p>Exproof Eta-Ex Light Ex S Light Ex L Y\u00fcksek riskli \u00e7al\u0131\u015fma alanlar\u0131n\u0131n ayd\u0131nlat\u0131lmas\u0131n\u0131n amac\u0131; tehlikeli bir makineyi, i\u015flemi veya alan\u0131 g\u00fcvenli hale getirmek oldu\u011fundan, di\u011fer ayd\u0131nlatma t\u00fcrlerine g\u00f6re \u00e7ok daha y\u00fcksek bir \u0131\u015f\u0131k seviyesine ve daha dayan\u0131kl\u0131 olmas\u0131na ihtiya\u00e7 duyulur.<\/p>","protected":false},"author":1,"featured_media":0,"parent":0,"menu_order":0,"comment_status":"closed","ping_status":"closed","template":"","meta":{"_kad_post_transparent":"default","_kad_post_title":"hide","_kad_post_layout":"fullwidth","_kad_post_sidebar_id":"","_kad_post_content_style":"unboxed","_kad_post_vertical_padding":"hide","_kad_post_feature":"hide","_kad_post_feature_position":"","_kad_post_header":false,"_kad_post_footer":false,"_kad_post_classname":"","footnotes":""},"class_list":["post-1435","page","type-page","status-publish","hentry"],"_links":{"self":[{"href":"https:\/\/blacklight.com.tr\/en\/wp-json\/wp\/v2\/pages\/1435","targetHints":{"allow":["GET"]}}],"collection":[{"href":"https:\/\/blacklight.com.tr\/en\/wp-json\/wp\/v2\/pages"}],"about":[{"href":"https:\/\/blacklight.com.tr\/en\/wp-json\/wp\/v2\/types\/page"}],"author":[{"embeddable":true,"href":"https:\/\/blacklight.com.tr\/en\/wp-json\/wp\/v2\/users\/1"}],"replies":[{"embeddable":true,"href":"https:\/\/blacklight.com.tr\/en\/wp-json\/wp\/v2\/comments?post=1435"}],"version-history":[{"count":13,"href":"https:\/\/blacklight.com.tr\/en\/wp-json\/wp\/v2\/pages\/1435\/revisions"}],"predecessor-version":[{"id":2596,"href":"https:\/\/blacklight.com.tr\/en\/wp-json\/wp\/v2\/pages\/1435\/revisions\/2596"}],"wp:attachment":[{"href":"https:\/\/blacklight.com.tr\/en\/wp-json\/wp\/v2\/media?parent=1435"}],"curies":[{"name":"wp","href":"https:\/\/api.w.org\/{rel}","templated":true}]}}